{"id":1242,"date":"2023-05-12T02:42:35","date_gmt":"2023-05-12T06:42:35","guid":{"rendered":"http:\/\/vena-stones.com\/?page_id=1242"},"modified":"2023-05-12T02:54:05","modified_gmt":"2023-05-12T06:54:05","slug":"garantie","status":"publish","type":"page","link":"https:\/\/vena-stones.com\/fr\/garantie\/","title":{"rendered":"Garantie"},"content":{"rendered":"<p><strong>\u00c9nonc\u00e9 de garantie<\/strong><\/p>\n<p>Afin de vous assurer une tranquillit\u00e9 d&rsquo;esprit, la pierre viss\u00e9e Vena a une garantie de 50 ans \u00e0 partir de la date d\u2019achat du produit. La garantie de 50 ans s\u2019applique aux produits de pierre viss\u00e9e Vena fabriqu\u00e9s par Les Pierres Royales.<\/p>\n<p>La pr\u00e9sente garantie couvre la pierre viss\u00e9e Vena contre l\u2019\u00e9caillage, la d\u00e9sint\u00e9gration et la d\u00e9coloration pr\u00e9matur\u00e9e mais exclut les co\u00fbts de main-d\u2019\u0153uvre, de transport ou tout autre d\u00e9dommagement. La garantie est uniquement applicable pour les d\u00e9fauts de fabrication qui affectent de mani\u00e8re significative la performance des produits de b\u00e9ton install\u00e9s sur la propri\u00e9t\u00e9 du propri\u00e9taire.<\/p>\n<p>Les Pierres Royales garantit l\u2019int\u00e9grit\u00e9 structurale du b\u00e9ton de sa pierre viss\u00e9e Vena et que celle-ci est exempte de d\u00e9fauts de fabrication \u00e0 la livraison. Afin que cette garantie soit effective, la pierre viss\u00e9e Vena doit \u00eatre install\u00e9e en respectant les normes du Code national du b\u00e2timent, les standards CSA de m\u00eame que les moyens d\u2019installation et conseils de pose recommand\u00e9s par Les Pierres Royales.<\/p>\n<p>Si les produits sont jug\u00e9s non conformes avant leur installation, il est primordial de contacter Les Pierres Royales dans un d\u00e9lai de 48h suivant la livraison afin de rapporter la situation. La conformit\u00e9 des produits est accept\u00e9e lors de la livraison de ceux-ci par le distributeur et le consommateur et\/ou ses repr\u00e9sentants. L\u2019acceptation est finale. L\u2019installation sur plus de 50 pieds carr\u00e9s confirme l\u2019acceptation du produit re\u00e7u sur le chantier et aucune r\u00e9clamation ne pourra \u00eatre \u00e9mise \u00e0 Les Pierres Royales reli\u00e9e \u00e0 la couleur, au format ou \u00e0 la texture du produit.<\/p>\n<p>Si la pierre viss\u00e9e Vena est jug\u00e9e d\u00e9fectueuse pendant la p\u00e9riode de garantie, l\u2019entreprise pourra, \u00e0 sa seule discr\u00e9tion, soit (i) r\u00e9parer ou remplacer les panneaux de pierre viss\u00e9e Vena d\u00e9fectueux par les m\u00eames quantit\u00e9s si le produit d\u00e9fectueux est toujours disponible, ou (ii) rembourser le prix initialement d\u00e9bours\u00e9 pour les produits d\u00e9fectueux.<\/p>\n<p>Une preuve d\u2019achat est n\u00e9cessaire pour proc\u00e9der \u00e0 la cr\u00e9ation d\u2019une r\u00e9clamation de garantie. Aucune r\u00e9clamation ne sera accept\u00e9e sans preuve d\u2019achat. Lorsqu\u2019une r\u00e9clamation est effectu\u00e9e, la couverture de garantie est calcul\u00e9e en fonction de la dur\u00e9e de vie restante du produit. Par exemple, si l\u2019acheteur proc\u00e8de \u00e0 une demande de garantie au 120e mois suivant la date d\u2019achat, la couverture de la garantie sera dans un ratio de 480\/600.<\/p>\n<p>La garantie de 50 ans est transf\u00e9rable d\u2019un propri\u00e9taire \u00e0 un autre mais il sera n\u00e9anmoins n\u00e9cessaire de pr\u00e9senter la preuve d\u2019achat originale. La p\u00e9riode de garantie \u00e0 l&rsquo;\u00e9gard de propri\u00e9taires subs\u00e9quents est limit\u00e9e \u00e0 quinze (15) ans \u00e0 compter de la date d\u2019achat originale du produit.<\/p>\n<p>Cette garantie exclut tous les produits non fournis par Les Pierres Royales, ainsi que tous les d\u00e9fauts, d\u00e9faillances ou dommages pouvant \u00eatre la cons\u00e9quence des actions list\u00e9es ci-dessous :<\/p>\n<ul>\n<li>Une installation non conforme.<\/li>\n<li>Le contact avec des produits chimiques et\/ou des produits nettoyants.<\/li>\n<li>Les dommages caus\u00e9s par les laveuses \u00e0 pression.<\/li>\n<li>Conception ou construction d\u00e9fectueuse entra\u00eenant l\u2019affaissement, le mouvement ou la d\u00e9faillance.<\/li>\n<li>Bris caus\u00e9 par un choc, un impact ou une charge excessive lors de la manutention, le transport, l\u2019installation ou l\u2019utilisation des produits.<\/li>\n<li>Catastrophe naturelle ou autre \u00e9l\u00e9ment incontr\u00f4lable.<\/li>\n<li>Bris et dommages caus\u00e9s aux produits par le mouvement du sol ou le mouvement d\u2019un \u00e9difice ou par la mauvaise utilisation d\u2019\u00e9quipement de construction.<\/li>\n<li>La d\u00e9t\u00e9rioration des bo\u00eetes ainsi que la pr\u00e9sence de t\u00e2ches, coulisses et\/ou salet\u00e9 \u00e0 la surface du produit provoqu\u00e9es par un entreposage d\u00e9ficient.<\/li>\n<li>Usage abusif des produits.<\/li>\n<li>Une d\u00e9coloration caus\u00e9e par le soleil ou autres polluants atmosph\u00e9riques.<\/li>\n<li>La pr\u00e9sence de traces blanches \u00e0 la surface du produit, commun\u00e9ment appel\u00e9 l\u2019efflorescence. Il s\u2019agit d\u2019un ph\u00e9nom\u00e8ne naturel, plus visible sur les produits fonc\u00e9s, qui n\u2019affecte pas l\u2019int\u00e9grit\u00e9 structurale de nos produits. L\u2019apparition \u00e9ventuelle d\u2019efflorescence ne peut faire l\u2019objet d\u2019aucune garantie.<\/li>\n<\/ul>\n","protected":false},"excerpt":{"rendered":"<p>\u00c9nonc\u00e9 de garantie Afin de vous assurer une tranquillit\u00e9 d&rsquo;esprit, la pierre viss\u00e9e Vena a une garantie de 50 ans \u00e0 partir de la date d\u2019achat du produit. La garantie de 50 ans s\u2019applique aux produits de pierre viss\u00e9e Vena fabriqu\u00e9s par Les Pierres Royales. La pr\u00e9sente garantie couvre la pierre viss\u00e9e Vena contre l\u2019\u00e9caillage, [&#8230;]\n","protected":false},"author":2,"featured_media":0,"parent":0,"menu_order":0,"comment_status":"closed","ping_status":"closed","template":"page-blank-title-center.php","meta":{"footnotes":""},"class_list":["post-1242","page","type-page","status-publish","hentry"],"yoast_head":"<!-- This site is optimized with the Yoast SEO plugin v27.2 - https:\/\/yoast.com\/product\/yoast-seo-wordpress\/ -->\n<title>Garantie - Pierres VENA<\/title>\n<meta name=\"robots\" content=\"index, follow, max-snippet:-1, max-image-preview:large, max-video-preview:-1\" \/>\n<link rel=\"canonical\" href=\"https:\/\/vena-stones.com\/fr\/garantie\/\" \/>\n<meta property=\"og:locale\" content=\"fr_FR\" \/>\n<meta property=\"og:type\" content=\"article\" \/>\n<meta property=\"og:title\" content=\"Garantie - Pierres VENA\" \/>\n<meta property=\"og:description\" content=\"\u00c9nonc\u00e9 de garantie Afin de vous assurer une tranquillit\u00e9 d&rsquo;esprit, la pierre viss\u00e9e Vena a une garantie de 50 ans \u00e0 partir de la date d\u2019achat du produit. La garantie de 50 ans s\u2019applique aux produits de pierre viss\u00e9e Vena fabriqu\u00e9s par Les Pierres Royales. La pr\u00e9sente garantie couvre la pierre viss\u00e9e Vena contre l\u2019\u00e9caillage, [...]\" \/>\n<meta property=\"og:url\" content=\"https:\/\/vena-stones.com\/fr\/garantie\/\" \/>\n<meta property=\"og:site_name\" content=\"Pierres VENA\" \/>\n<meta property=\"article:modified_time\" content=\"2023-05-12T06:54:05+00:00\" \/>\n<meta name=\"twitter:card\" content=\"summary_large_image\" \/>\n<meta name=\"twitter:label1\" content=\"Dur\u00e9e de lecture estim\u00e9e\" \/>\n\t<meta name=\"twitter:data1\" content=\"4 minutes\" \/>\n<script type=\"application\/ld+json\" class=\"yoast-schema-graph\">{\"@context\":\"https:\/\/schema.org\",\"@graph\":[{\"@type\":\"WebPage\",\"@id\":\"https:\/\/vena-stones.com\/fr\/garantie\/\",\"url\":\"https:\/\/vena-stones.com\/fr\/garantie\/\",\"name\":\"Garantie - Pierres VENA\",\"isPartOf\":{\"@id\":\"https:\/\/vena-stones.com\/fr\/#website\"},\"datePublished\":\"2023-05-12T06:42:35+00:00\",\"dateModified\":\"2023-05-12T06:54:05+00:00\",\"breadcrumb\":{\"@id\":\"https:\/\/vena-stones.com\/fr\/garantie\/#breadcrumb\"},\"inLanguage\":\"fr-FR\",\"potentialAction\":[{\"@type\":\"ReadAction\",\"target\":[\"https:\/\/vena-stones.com\/fr\/garantie\/\"]}]},{\"@type\":\"BreadcrumbList\",\"@id\":\"https:\/\/vena-stones.com\/fr\/garantie\/#breadcrumb\",\"itemListElement\":[{\"@type\":\"ListItem\",\"position\":1,\"name\":\"Home\",\"item\":\"https:\/\/vena-stones.com\/fr\/\"},{\"@type\":\"ListItem\",\"position\":2,\"name\":\"Garantie\"}]},{\"@type\":\"WebSite\",\"@id\":\"https:\/\/vena-stones.com\/fr\/#website\",\"url\":\"https:\/\/vena-stones.com\/fr\/\",\"name\":\"Pierres VENA\",\"description\":\"Panneau de pierre viss\u00e9e VENA\",\"publisher\":{\"@id\":\"https:\/\/vena-stones.com\/fr\/#organization\"},\"potentialAction\":[{\"@type\":\"SearchAction\",\"target\":{\"@type\":\"EntryPoint\",\"urlTemplate\":\"https:\/\/vena-stones.com\/fr\/?s={search_term_string}\"},\"query-input\":{\"@type\":\"PropertyValueSpecification\",\"valueRequired\":true,\"valueName\":\"search_term_string\"}}],\"inLanguage\":\"fr-FR\"},{\"@type\":\"Organization\",\"@id\":\"https:\/\/vena-stones.com\/fr\/#organization\",\"name\":\"VENA Stones\",\"url\":\"https:\/\/vena-stones.com\/fr\/\",\"logo\":{\"@type\":\"ImageObject\",\"inLanguage\":\"fr-FR\",\"@id\":\"https:\/\/vena-stones.com\/fr\/#\/schema\/logo\/image\/\",\"url\":\"http:\/\/vena-stones.com\/wp-content\/uploads\/2022\/03\/logo-pierres-vena.png\",\"contentUrl\":\"http:\/\/vena-stones.com\/wp-content\/uploads\/2022\/03\/logo-pierres-vena.png\",\"width\":556,\"height\":200,\"caption\":\"VENA Stones\"},\"image\":{\"@id\":\"https:\/\/vena-stones.com\/fr\/#\/schema\/logo\/image\/\"}}]}<\/script>\n<!-- \/ Yoast SEO plugin. -->","yoast_head_json":{"title":"Garantie - Pierres VENA","robots":{"index":"index","follow":"follow","max-snippet":"max-snippet:-1","max-image-preview":"max-image-preview:large","max-video-preview":"max-video-preview:-1"},"canonical":"https:\/\/vena-stones.com\/fr\/garantie\/","og_locale":"fr_FR","og_type":"article","og_title":"Garantie - Pierres VENA","og_description":"\u00c9nonc\u00e9 de garantie Afin de vous assurer une tranquillit\u00e9 d&rsquo;esprit, la pierre viss\u00e9e Vena a une garantie de 50 ans \u00e0 partir de la date d\u2019achat du produit. La garantie de 50 ans s\u2019applique aux produits de pierre viss\u00e9e Vena fabriqu\u00e9s par Les Pierres Royales. La pr\u00e9sente garantie couvre la pierre viss\u00e9e Vena contre l\u2019\u00e9caillage, [...]","og_url":"https:\/\/vena-stones.com\/fr\/garantie\/","og_site_name":"Pierres VENA","article_modified_time":"2023-05-12T06:54:05+00:00","twitter_card":"summary_large_image","twitter_misc":{"Dur\u00e9e de lecture estim\u00e9e":"4 minutes"},"schema":{"@context":"https:\/\/schema.org","@graph":[{"@type":"WebPage","@id":"https:\/\/vena-stones.com\/fr\/garantie\/","url":"https:\/\/vena-stones.com\/fr\/garantie\/","name":"Garantie - Pierres VENA","isPartOf":{"@id":"https:\/\/vena-stones.com\/fr\/#website"},"datePublished":"2023-05-12T06:42:35+00:00","dateModified":"2023-05-12T06:54:05+00:00","breadcrumb":{"@id":"https:\/\/vena-stones.com\/fr\/garantie\/#breadcrumb"},"inLanguage":"fr-FR","potentialAction":[{"@type":"ReadAction","target":["https:\/\/vena-stones.com\/fr\/garantie\/"]}]},{"@type":"BreadcrumbList","@id":"https:\/\/vena-stones.com\/fr\/garantie\/#breadcrumb","itemListElement":[{"@type":"ListItem","position":1,"name":"Home","item":"https:\/\/vena-stones.com\/fr\/"},{"@type":"ListItem","position":2,"name":"Garantie"}]},{"@type":"WebSite","@id":"https:\/\/vena-stones.com\/fr\/#website","url":"https:\/\/vena-stones.com\/fr\/","name":"Pierres VENA","description":"Panneau de pierre viss\u00e9e VENA","publisher":{"@id":"https:\/\/vena-stones.com\/fr\/#organization"},"potentialAction":[{"@type":"SearchAction","target":{"@type":"EntryPoint","urlTemplate":"https:\/\/vena-stones.com\/fr\/?s={search_term_string}"},"query-input":{"@type":"PropertyValueSpecification","valueRequired":true,"valueName":"search_term_string"}}],"inLanguage":"fr-FR"},{"@type":"Organization","@id":"https:\/\/vena-stones.com\/fr\/#organization","name":"VENA Stones","url":"https:\/\/vena-stones.com\/fr\/","logo":{"@type":"ImageObject","inLanguage":"fr-FR","@id":"https:\/\/vena-stones.com\/fr\/#\/schema\/logo\/image\/","url":"http:\/\/vena-stones.com\/wp-content\/uploads\/2022\/03\/logo-pierres-vena.png","contentUrl":"http:\/\/vena-stones.com\/wp-content\/uploads\/2022\/03\/logo-pierres-vena.png","width":556,"height":200,"caption":"VENA Stones"},"image":{"@id":"https:\/\/vena-stones.com\/fr\/#\/schema\/logo\/image\/"}}]}},"_links":{"self":[{"href":"https:\/\/vena-stones.com\/fr\/wp-json\/wp\/v2\/pages\/1242","targetHints":{"allow":["GET"]}}],"collection":[{"href":"https:\/\/vena-stones.com\/fr\/wp-json\/wp\/v2\/pages"}],"about":[{"href":"https:\/\/vena-stones.com\/fr\/wp-json\/wp\/v2\/types\/page"}],"author":[{"embeddable":true,"href":"https:\/\/vena-stones.com\/fr\/wp-json\/wp\/v2\/users\/2"}],"replies":[{"embeddable":true,"href":"https:\/\/vena-stones.com\/fr\/wp-json\/wp\/v2\/comments?post=1242"}],"version-history":[{"count":4,"href":"https:\/\/vena-stones.com\/fr\/wp-json\/wp\/v2\/pages\/1242\/revisions"}],"predecessor-version":[{"id":1254,"href":"https:\/\/vena-stones.com\/fr\/wp-json\/wp\/v2\/pages\/1242\/revisions\/1254"}],"wp:attachment":[{"href":"https:\/\/vena-stones.com\/fr\/wp-json\/wp\/v2\/media?parent=1242"}],"curies":[{"name":"wp","href":"https:\/\/api.w.org\/{rel}","templated":true}]}}