{"id":1287,"date":"2023-05-15T03:57:52","date_gmt":"2023-05-15T07:57:52","guid":{"rendered":"http:\/\/vena-stones.com\/?page_id=1287"},"modified":"2023-05-19T08:46:27","modified_gmt":"2023-05-19T12:46:27","slug":"systeme-vena","status":"publish","type":"page","link":"https:\/\/vena-stones.com\/fr\/systeme-vena\/","title":{"rendered":"Syst\u00e8me Vena"},"content":{"rendered":"<div class=\"row\"  id=\"row-1102232653\">\n\n\t<div id=\"col-1694824378\" class=\"col small-12 large-12\"  >\n\t\t\t\t<div class=\"col-inner\"  >\n\t\t\t\n\t\t\t\n\t<div id=\"text-103564524\" class=\"text\">\n\t\t\n<p>La pierre Vena est un syst\u00e8me r\u00e9volutionnaire qui permet de visser \u00e0 votre propri\u00e9t\u00e9 des pierres \u00e0 l\u2019aide d\u2019attaches VENA r\u00e9sistantes \u00e0 la corrosion. Le panneau est con\u00e7u pour permettre aux pierres de s\u2019aligner facilement pour une installation rapide et sans mortier\u202f! Si vous souhaitez obtenir plus de renseignements sur le produit, n\u2019h\u00e9sitez pas \u00e0 communiquer avec nous.<\/p>\n\t\t\n<style>\n#text-103564524 {\n  text-align: left;\n}\n<\/style>\n\t<\/div>\n\t\n\t\t<\/div>\n\t\t\t\t\t<\/div>\n\n\t\n<\/div>\n<div class=\"row\"  id=\"row-1828905941\">\n\n\t<div id=\"col-1057272349\" class=\"col small-12 large-12\"  >\n\t\t\t\t<div class=\"col-inner\"  >\n\t\t\t\n\t\t\t\n\t<div id=\"text-3944031511\" class=\"text\">\n\t\t\n<p><a href=\"#dimensions\">Dimensions &amp; Poids<\/a><\/p>\n<p><a href=\"#composantes\">Composantes<\/a><\/p>\n<p><a href=\"#performance\">Performance<\/a><\/p>\n<p><a href=\"#installation\">Installation en 3 \u00e9tapes<\/a><\/p>\n\t\t\n<style>\n#text-3944031511 {\n  font-size: 1.25rem;\n  line-height: 1;\n  text-align: left;\n}\n<\/style>\n\t<\/div>\n\t\n\n<p><a name=\"dimensions\"><\/a><br \/>\n\n\t\t<\/div>\n\t\t\t\t\t<\/div>\n\n\t\n<\/div>\n<div class=\"container section-title-container\" ><h3 class=\"section-title section-title-normal\"><b aria-hidden=\"true\"><\/b><span class=\"section-title-main\" >Dimensions &amp; Poids<\/span><b aria-hidden=\"true\"><\/b><\/h3><\/div>\n<div class=\"row\"  id=\"row-1146873038\">\n\n\t<div id=\"col-263686431\" class=\"col medium-3 small-12 large-3\"  >\n\t\t\t\t<div class=\"col-inner\"  >\n\t\t\t\n\t\t\t\n\t<div class=\"img has-hover x md-x lg-x y md-y lg-y\" id=\"image_708751595\">\n\t\t\t\t\t\t\t\t<div class=\"img-inner dark\" style=\"margin:0px 0px 0px 0px;\">\n\t\t\t<img loading=\"lazy\" decoding=\"async\" width=\"252\" height=\"104\" src=\"https:\/\/vena-stones.com\/wp-content\/uploads\/2023\/05\/dimensions3-1.png\" class=\"attachment-medium size-medium\" alt=\"\" \/>\t\t\t\t\t\t\n\t\t\t\t\t<\/div>\n\t\t\t\t\t\t\t\t\n<style>\n#image_708751595 {\n  width: 100%;\n}\n<\/style>\n\t<\/div>\n\t\n\t\t<\/div>\n\t\t\t\t\t<\/div>\n\n\t\n\n\t<div id=\"col-1996727574\" class=\"col medium-5 small-12 large-5\"  >\n\t\t\t\t<div class=\"col-inner\"  >\n\t\t\t\n\t\t\t\n\t<div id=\"text-642290809\" class=\"text\">\n\t\t\n<table id=\"demoTable\" contenteditable=\"true\">\n<tbody>\n<tr>\n<td style=\"text-align: right;\">\u00a0<strong>\u00c9paisseur :<\/strong><\/td>\n<td>1 \u00bd po\u00a0<\/td>\n<\/tr>\n<tr>\n<td style=\"text-align: right;\"><strong>Surface :<\/strong><\/td>\n<td>1.25 pi\u00b2 \/ panneau<\/td>\n<\/tr>\n<tr>\n<td style=\"text-align: right;\"><strong>Poids :<\/strong><\/td>\n<td>18.5 livres \/ panneau<\/td>\n<\/tr>\n<tr>\n<td>\u00a0<\/td>\n<td>14.8 livres \/ pi\u00b2<\/td>\n<\/tr>\n<\/tbody>\n<\/table>\n\t\t\n<style>\n#text-642290809 {\n  text-align: left;\n}\n<\/style>\n\t<\/div>\n\t\n\t\t<\/div>\n\t\t\t\t\t<\/div>\n\n\t\n\n\t<div id=\"col-813134159\" class=\"col medium-4 small-12 large-4\"  >\n\t\t\t\t<div class=\"col-inner\"  >\n\t\t\t\n\t\t\t\n\t\t<\/div>\n\t\t\t\t\t<\/div>\n\n\t\n<\/div>\n\t<div id=\"gap-1428584638\" class=\"gap-element clearfix\" style=\"display:block; height:auto;\">\n\t\t\n<style>\n#gap-1428584638 {\n  padding-top: 10px;\n}\n<\/style>\n\t<\/div>\n\t\n\n<p><a name=\"composantes\"><\/a><br \/>\n\n<div class=\"container section-title-container\" ><h3 class=\"section-title section-title-normal\"><b aria-hidden=\"true\"><\/b><span class=\"section-title-main\" >Composantes<\/span><b aria-hidden=\"true\"><\/b><\/h3><\/div>\n<div class=\"row\"  id=\"row-969656635\">\n\n\t<div id=\"col-1310482154\" class=\"col small-12 large-12\"  >\n\t\t\t\t<div class=\"col-inner\"  >\n\t\t\t\n\t\t\t\n<ul>\n<li>Pierre viss\u00e9e Vena.<\/li>\n<li>Pierre de coin viss\u00e9e Vena (au besoin).<\/li>\n<li>Attaches pour pierre viss\u00e9e Vena en acier galvanis\u00e9.<\/li>\n<li>Vis anticorrosion.<\/li>\n<li>Bandes de d\u00e9part Vena.<\/li>\n<li>All\u00e8ges Vena.<\/li>\n<li>Pierre de finition Vena pour prise \u00e9lectrique.<\/li>\n<li>Pierre de finition Vena pour lumi\u00e8re.<\/li>\n<\/ul>\n\t\t<\/div>\n\t\t\t\t\t<\/div>\n\n\t\n<\/div>\n\t<div id=\"gap-242517428\" class=\"gap-element clearfix\" style=\"display:block; height:auto;\">\n\t\t\n<style>\n#gap-242517428 {\n  padding-top: 10px;\n}\n<\/style>\n\t<\/div>\n\t\n\n<p><a name=\"performance\"><\/a><br \/>\n\n<div class=\"container section-title-container\" ><h3 class=\"section-title section-title-normal\"><b aria-hidden=\"true\"><\/b><span class=\"section-title-main\" >Performance<\/span><b aria-hidden=\"true\"><\/b><\/h3><\/div>\n<div class=\"row\"  id=\"row-1116330965\">\n\n\t<div id=\"col-1389617846\" class=\"col small-12 large-12\"  >\n\t\t\t\t<div class=\"col-inner\"  >\n\t\t\t\n\t\t\t\n<ol>\n<li>La conception de l\u2019attache permet de cr\u00e9er un jeu d\u2019air de 10mm entre le panneau et le mur pour assurer une ventilation optimale et une gestion efficace de l\u2019humidit\u00e9.<\/li>\n<li>Syst\u00e8me autobloquant tenon-mortaise pour un alignement rapide et efficace des panneaux et une stabilit\u00e9 maximale..<\/li>\n<li>Syst\u00e8me d\u2019ancrage m\u00e9canique pour une r\u00e9sistance accrue aux charges.<\/li>\n<li>Coloration \u00e0 base d\u2019oxyde de fer pour des couleurs vives et naturelles qui vont perdurer.<\/li>\n<\/ol>\n<p>D\u00e9couvrez dans ce rapport comment la pierre VENA performe dans des conditions m\u00e9t\u00e9orologiques extr\u00eames simul\u00e9es\u202f:<\/p>\n<p>\n<a href=\"http:\/\/vena-stones.com\/wp-content\/uploads\/2023\/05\/AS-01644-Rapport-FR-Les-Pierres-Royales.pdf\" target=\"_blank\" class=\"button primary is-primary is-medium\" rel=\"noopener\" >\n\t\t<span>T\u00e9l\u00e9charger le rapport<\/span>\n\t<\/a>\n\n<p>\u00a0<\/p>\n<div class=\"video video-fit mb\" style=\"padding-top:56.25%;\"><p><iframe loading=\"lazy\" title=\"Montage Les Pierres Royales\" width=\"1020\" height=\"574\" src=\"https:\/\/www.youtube.com\/embed\/0qM03jI6IyM?feature=oembed\" frameborder=\"0\" allow=\"accelerometer; autoplay; clipboard-write; encrypted-media; gyroscope; picture-in-picture; web-share\" allowfullscreen><\/iframe><\/p>\n<\/div>\n\t\t<\/div>\n\t\t\t\t\t<\/div>\n\n\t\n<\/div>\n\t<div id=\"gap-1903515615\" class=\"gap-element clearfix\" style=\"display:block; height:auto;\">\n\t\t\n<style>\n#gap-1903515615 {\n  padding-top: 10px;\n}\n<\/style>\n\t<\/div>\n\t\n\n<p><a name=\"installation\"><\/a><br \/>\n\n<div class=\"container section-title-container\" ><h3 class=\"section-title section-title-normal\"><b aria-hidden=\"true\"><\/b><span class=\"section-title-main\" >Installation en 3 \u00e9tapes<\/span><b aria-hidden=\"true\"><\/b><\/h3><\/div>\n<div class=\"row\"  id=\"row-492225200\">\n\n\t<div id=\"col-1118209588\" class=\"col small-12 large-12\"  >\n\t\t\t\t<div class=\"col-inner\"  >\n\t\t\t\n\t\t\t\n<p>Installer de la pierre n\u2019aura jamais \u00e9t\u00e9 aussi facile. Pr\u00e9parez votre mur, installez votre bande de d\u00e9part et vissez vos pierres. Il ne vous reste plus qu\u2019\u00e0 appr\u00e9cier le r\u00e9sultat.<\/p>\n\t\t<\/div>\n\t\t\t\t\t<\/div>\n\n\t\n<\/div>\n\t\t<div class=\"systemfooterspace\">\n\t\t\t\t\n\n\t\t\t<!-- START systemvena REVOLUTION SLIDER 6.7.15 --><p class=\"rs-p-wp-fix\"><\/p>\n\t\t\t<rs-module-wrap id=\"rev_slider_3_1_wrapper\" data-source=\"gallery\" style=\"visibility:hidden;background:transparent;padding:0;margin:0px auto;margin-top:0;margin-bottom:0;\">\n\t\t\t\t<rs-module id=\"rev_slider_3_1\" style=\"\" data-version=\"6.7.15\">\n\t\t\t\t\t<rs-slides style=\"overflow: hidden; position: absolute;\">\n\t\t\t\t\t\t<rs-slide style=\"position: absolute;\" data-key=\"rs-10\" data-title=\"Slide\" data-anim=\"ms:10;\" data-in=\"o:1;\" data-out=\"a:false;\">\n\t\t\t\t\t\t\t<img decoding=\"async\" src=\"\/\/vena-stones.com\/wp-content\/plugins\/revslider\/sr6\/assets\/assets\/dummy.png\" alt=\"Slide\" title=\"Syst\u00e8me Vena\" class=\"rev-slidebg tp-rs-img rs-lazyload\" data-lazyload=\"\/\/vena-stones.com\/wp-content\/plugins\/revslider\/sr6\/assets\/assets\/transparent.png\" data-no-retina>\n<!--\n\t\t\t\t\t\t\t--><rs-layer\n\t\t\t\t\t\t\t\tid=\"slider-3-slide-10-layer-13\" \n\t\t\t\t\t\t\t\tdata-type=\"image\"\n\t\t\t\t\t\t\t\tdata-rsp_ch=\"on\"\n\t\t\t\t\t\t\t\tdata-xy=\"x:276px;y:-135px;\"\n\t\t\t\t\t\t\t\tdata-text=\"w:normal;\"\n\t\t\t\t\t\t\t\tdata-dim=\"w:684px;h:684px;\"\n\t\t\t\t\t\t\t\tdata-border=\"bos:solid;boc:#000000;bow:1px,1px,1px,1px;\"\n\t\t\t\t\t\t\t\tdata-frame_1=\"sp:770;\"\n\t\t\t\t\t\t\t\tdata-frame_999=\"o:0;st:w;sR:8230;\"\n\t\t\t\t\t\t\t\tstyle=\"z-index:7;\"\n\t\t\t\t\t\t\t><img decoding=\"async\" src=\"\/\/vena-stones.com\/wp-content\/plugins\/revslider\/sr6\/assets\/assets\/dummy.png\" alt=\"\" class=\"tp-rs-img rs-lazyload\" width=\"1000\" height=\"1000\" data-lazyload=\"\/\/vena-stones.com\/wp-content\/uploads\/2023\/05\/Installation-bande-de-depart.jpg\" data-no-retina> \n\t\t\t\t\t\t\t<\/rs-layer><!--\n\n\t\t\t\t\t\t\t--><rs-layer\n\t\t\t\t\t\t\t\tid=\"slider-3-slide-10-layer-14\" \n\t\t\t\t\t\t\t\tdata-type=\"image\"\n\t\t\t\t\t\t\t\tdata-rsp_ch=\"on\"\n\t\t\t\t\t\t\t\tdata-xy=\"x:958px;y:-67px;\"\n\t\t\t\t\t\t\t\tdata-text=\"w:normal;\"\n\t\t\t\t\t\t\t\tdata-dim=\"w:684px;h:912px;\"\n\t\t\t\t\t\t\t\tdata-border=\"bos:solid;boc:#000000;bow:1px,1px,1px,1px;\"\n\t\t\t\t\t\t\t\tdata-frame_1=\"sp:770;\"\n\t\t\t\t\t\t\t\tdata-frame_999=\"o:0;st:w;sR:8230;\"\n\t\t\t\t\t\t\t\tstyle=\"z-index:6;\"\n\t\t\t\t\t\t\t><img decoding=\"async\" src=\"\/\/vena-stones.com\/wp-content\/plugins\/revslider\/sr6\/assets\/assets\/dummy.png\" alt=\"\" class=\"tp-rs-img rs-lazyload\" width=\"1920\" height=\"2560\" data-lazyload=\"\/\/vena-stones.com\/wp-content\/uploads\/2023\/05\/Photo-3-visser-les-pierres-scaled.jpg\" data-no-retina> \n\t\t\t\t\t\t\t<\/rs-layer><!--\n\n\t\t\t\t\t\t\t--><rs-layer\n\t\t\t\t\t\t\t\tid=\"slider-3-slide-10-layer-16\" \n\t\t\t\t\t\t\t\tdata-type=\"image\"\n\t\t\t\t\t\t\t\tdata-rsp_ch=\"on\"\n\t\t\t\t\t\t\t\tdata-xy=\"x:-408px;y:-135px;\"\n\t\t\t\t\t\t\t\tdata-text=\"w:normal;\"\n\t\t\t\t\t\t\t\tdata-dim=\"w:684px;h:684px;\"\n\t\t\t\t\t\t\t\tdata-border=\"bos:solid;boc:#000000;bow:1px,0px,1px,1px;\"\n\t\t\t\t\t\t\t\tdata-frame_1=\"sp:770;\"\n\t\t\t\t\t\t\t\tdata-frame_999=\"o:0;st:w;sR:8230;\"\n\t\t\t\t\t\t\t\tstyle=\"z-index:8;\"\n\t\t\t\t\t\t\t><img decoding=\"async\" src=\"\/\/vena-stones.com\/wp-content\/plugins\/revslider\/sr6\/assets\/assets\/dummy.png\" alt=\"\" class=\"tp-rs-img rs-lazyload\" width=\"683\" height=\"683\" data-lazyload=\"\/\/vena-stones.com\/wp-content\/uploads\/2023\/05\/full_Tyvek__Homewrap__01-cmyk-e1683010053126.jpg\" data-no-retina> \n\t\t\t\t\t\t\t<\/rs-layer><!--\n\n\t\t\t\t\t\t\t--><rs-layer\n\t\t\t\t\t\t\t\tid=\"slider-3-slide-10-layer-17\" \n\t\t\t\t\t\t\t\tdata-type=\"text\"\n\t\t\t\t\t\t\t\tdata-color=\"#ffffff\"\n\t\t\t\t\t\t\t\tdata-rsp_ch=\"on\"\n\t\t\t\t\t\t\t\tdata-xy=\"x:-40px;y:481px;\"\n\t\t\t\t\t\t\t\tdata-text=\"w:normal;s:42;l:53;\"\n\t\t\t\t\t\t\t\tdata-frame_1=\"sp:900;\"\n\t\t\t\t\t\t\t\tdata-frame_999=\"o:0;st:w;sR:8100;\"\n\t\t\t\t\t\t\t\tstyle=\"z-index:12;font-family:'Teko';\"\n\t\t\t\t\t\t\t>1. Pr\u00e9parer le mur \n\t\t\t\t\t\t\t<\/rs-layer><!--\n\n\t\t\t\t\t\t\t--><rs-layer\n\t\t\t\t\t\t\t\tid=\"slider-3-slide-10-layer-18\" \n\t\t\t\t\t\t\t\tdata-type=\"text\"\n\t\t\t\t\t\t\t\tdata-color=\"#ffffff\"\n\t\t\t\t\t\t\t\tdata-rsp_ch=\"on\"\n\t\t\t\t\t\t\t\tdata-xy=\"x:87px;y:138px;\"\n\t\t\t\t\t\t\t\tdata-text=\"w:normal;s:67;l:78;ls:-1;fw:500;\"\n\t\t\t\t\t\t\t\tdata-dim=\"w:617px;minh:0;\"\n\t\t\t\t\t\t\t\tdata-frame_1=\"st:900;sp:900;sR:900;\"\n\t\t\t\t\t\t\t\tdata-frame_999=\"o:0;st:w;sR:7200;\"\n\t\t\t\t\t\t\t\tstyle=\"z-index:15;font-family:'Teko';text-transform:uppercase;\"\n\t\t\t\t\t\t\t>Installation en 3 \u00e9tapes \n\t\t\t\t\t\t\t<\/rs-layer><!--\n\n\t\t\t\t\t\t\t--><rs-layer\n\t\t\t\t\t\t\t\tid=\"slider-3-slide-10-layer-20\" \n\t\t\t\t\t\t\t\tdata-type=\"text\"\n\t\t\t\t\t\t\t\tdata-color=\"#ffffff\"\n\t\t\t\t\t\t\t\tdata-rsp_ch=\"on\"\n\t\t\t\t\t\t\t\tdata-xy=\"x:437px;y:481px;\"\n\t\t\t\t\t\t\t\tdata-text=\"w:normal;s:42;l:53;\"\n\t\t\t\t\t\t\t\tdata-frame_1=\"sp:900;\"\n\t\t\t\t\t\t\t\tdata-frame_999=\"o:0;st:w;sR:8100;\"\n\t\t\t\t\t\t\t\tstyle=\"z-index:11;font-family:'Teko';\"\n\t\t\t\t\t\t\t>2. Installer la bande de d\u00e9part \n\t\t\t\t\t\t\t<\/rs-layer><!--\n\n\t\t\t\t\t\t\t--><rs-layer\n\t\t\t\t\t\t\t\tid=\"slider-3-slide-10-layer-21\" \n\t\t\t\t\t\t\t\tdata-type=\"text\"\n\t\t\t\t\t\t\t\tdata-color=\"#ffffff\"\n\t\t\t\t\t\t\t\tdata-rsp_ch=\"on\"\n\t\t\t\t\t\t\t\tdata-xy=\"x:1051px;y:480px;\"\n\t\t\t\t\t\t\t\tdata-text=\"w:normal;s:42;l:53;\"\n\t\t\t\t\t\t\t\tdata-dim=\"w:240px;\"\n\t\t\t\t\t\t\t\tdata-frame_1=\"sp:900;\"\n\t\t\t\t\t\t\t\tdata-frame_999=\"o:0;st:w;sR:8100;\"\n\t\t\t\t\t\t\t\tstyle=\"z-index:10;font-family:'Teko';\"\n\t\t\t\t\t\t\t>3. Visser les pierres \n\t\t\t\t\t\t\t<\/rs-layer><!--\n\n\t\t\t\t\t\t\t--><rs-layer\n\t\t\t\t\t\t\t\tid=\"slider-3-slide-10-layer-25\" \n\t\t\t\t\t\t\t\tdata-type=\"shape\"\n\t\t\t\t\t\t\t\tdata-rsp_ch=\"on\"\n\t\t\t\t\t\t\t\tdata-xy=\"x:67px;y:124px;\"\n\t\t\t\t\t\t\t\tdata-text=\"w:normal;\"\n\t\t\t\t\t\t\t\tdata-dim=\"w:583px;h:94px;\"\n\t\t\t\t\t\t\t\tdata-frame_1=\"st:900;sp:900;sR:900;\"\n\t\t\t\t\t\t\t\tdata-frame_999=\"o:0;st:w;sR:7200;\"\n\t\t\t\t\t\t\t\tstyle=\"z-index:14;background-color:rgba(0,0,0,0.7);\"\n\t\t\t\t\t\t\t> \n\t\t\t\t\t\t\t<\/rs-layer><!--\n\n\t\t\t\t\t\t\t--><a\n\t\t\t\t\t\t\t\tid=\"slider-3-slide-10-layer-26\" \n\t\t\t\t\t\t\t\tclass=\"rs-layer rev-btn\"\n\t\t\t\t\t\t\t\thref=\"http:\/\/vena-stones.com\/videos\/\" target=\"_self\"\n\t\t\t\t\t\t\t\tdata-type=\"button\"\n\t\t\t\t\t\t\t\tdata-color=\"#ffffff\"\n\t\t\t\t\t\t\t\tdata-rsp_ch=\"on\"\n\t\t\t\t\t\t\t\tdata-xy=\"x:67px;y:256px;\"\n\t\t\t\t\t\t\t\tdata-text=\"w:normal;s:30;l:58;fw:500;\"\n\t\t\t\t\t\t\t\tdata-dim=\"minh:0;\"\n\t\t\t\t\t\t\t\tdata-padding=\"r:36;l:36;\"\n\t\t\t\t\t\t\t\tdata-frame_1=\"st:2000;sp:900;sR:2000;\"\n\t\t\t\t\t\t\t\tdata-frame_999=\"o:0;st:w;sR:6100;\"\n\t\t\t\t\t\t\t\tdata-frame_hover=\"bgc:#000;gs:sliding;bor:0px,0px,0px,0px;bri:120%;\"\n\t\t\t\t\t\t\t\tstyle=\"z-index:13;background-color:#262161;font-family:'Teko';\"\n\t\t\t\t\t\t\t>Vid\u00e9os d'installation \n\t\t\t\t\t\t\t<\/a><!--\n\n\t\t\t\t\t\t\t--><rs-layer\n\t\t\t\t\t\t\t\tid=\"slider-3-slide-10-layer-27\" \n\t\t\t\t\t\t\t\tdata-type=\"shape\"\n\t\t\t\t\t\t\t\tdata-rsp_ch=\"on\"\n\t\t\t\t\t\t\t\tdata-xy=\"x:-407px;y:456px;\"\n\t\t\t\t\t\t\t\tdata-text=\"w:normal;\"\n\t\t\t\t\t\t\t\tdata-dim=\"w:2050px;h:94px;\"\n\t\t\t\t\t\t\t\tdata-frame_1=\"sp:900;\"\n\t\t\t\t\t\t\t\tdata-frame_999=\"o:0;st:w;sR:8100;\"\n\t\t\t\t\t\t\t\tstyle=\"z-index:9;background-color:rgba(0,0,0,0.7);\"\n\t\t\t\t\t\t\t> \n\t\t\t\t\t\t\t<\/rs-layer><!--\n-->\t\t\t\t\t<\/rs-slide>\n\t\t\t\t\t<\/rs-slides>\n\t\t\t\t<\/rs-module>\n\t\t\t\t<script>\n\t\t\t\t\tsetREVStartSize({c: 'rev_slider_3_1',rl:[1240,1024,778,480],el:[550],gw:[1240],gh:[550],type:'standard',justify:'',layout:'fullwidth',mh:\"0\"});if (window.RS_MODULES!==undefined && window.RS_MODULES.modules!==undefined && window.RS_MODULES.modules[\"revslider31\"]!==undefined) {window.RS_MODULES.modules[\"revslider31\"].once = false;window.revapi3 = undefined;if (window.RS_MODULES.checkMinimal!==undefined) window.RS_MODULES.checkMinimal()}\n\t\t\t\t<\/script>\n\t\t\t<\/rs-module-wrap>\n\t\t\t<!-- END REVOLUTION SLIDER -->\n\n\t\t<\/div>\n\t\n","protected":false},"excerpt":{"rendered":"","protected":false},"author":2,"featured_media":0,"parent":0,"menu_order":0,"comment_status":"closed","ping_status":"closed","template":"page-blank-title-center.php","meta":{"footnotes":""},"class_list":["post-1287","page","type-page","status-publish","hentry"],"yoast_head":"<!-- This site is optimized with the Yoast SEO plugin v27.4 - https:\/\/yoast.com\/product\/yoast-seo-wordpress\/ -->\n<title>Syst\u00e8me Vena - Pierres VENA<\/title>\n<meta name=\"robots\" content=\"index, follow, max-snippet:-1, max-image-preview:large, max-video-preview:-1\" \/>\n<link rel=\"canonical\" href=\"https:\/\/vena-stones.com\/fr\/systeme-vena\/\" \/>\n<meta property=\"og:locale\" content=\"fr_FR\" \/>\n<meta property=\"og:type\" content=\"article\" \/>\n<meta property=\"og:title\" content=\"Syst\u00e8me Vena - Pierres VENA\" \/>\n<meta property=\"og:url\" content=\"https:\/\/vena-stones.com\/fr\/systeme-vena\/\" \/>\n<meta property=\"og:site_name\" content=\"Pierres VENA\" \/>\n<meta property=\"article:modified_time\" content=\"2023-05-19T12:46:27+00:00\" \/>\n<meta name=\"twitter:card\" content=\"summary_large_image\" \/>\n<meta name=\"twitter:label1\" content=\"Dur\u00e9e de lecture estim\u00e9e\" \/>\n\t<meta name=\"twitter:data1\" content=\"2 minutes\" \/>\n<script type=\"application\/ld+json\" class=\"yoast-schema-graph\">{\"@context\":\"https:\\\/\\\/schema.org\",\"@graph\":[{\"@type\":\"WebPage\",\"@id\":\"https:\\\/\\\/vena-stones.com\\\/fr\\\/systeme-vena\\\/\",\"url\":\"https:\\\/\\\/vena-stones.com\\\/fr\\\/systeme-vena\\\/\",\"name\":\"Syst\u00e8me Vena - Pierres VENA\",\"isPartOf\":{\"@id\":\"https:\\\/\\\/vena-stones.com\\\/fr\\\/#website\"},\"datePublished\":\"2023-05-15T07:57:52+00:00\",\"dateModified\":\"2023-05-19T12:46:27+00:00\",\"breadcrumb\":{\"@id\":\"https:\\\/\\\/vena-stones.com\\\/fr\\\/systeme-vena\\\/#breadcrumb\"},\"inLanguage\":\"fr-FR\",\"potentialAction\":[{\"@type\":\"ReadAction\",\"target\":[\"https:\\\/\\\/vena-stones.com\\\/fr\\\/systeme-vena\\\/\"]}]},{\"@type\":\"BreadcrumbList\",\"@id\":\"https:\\\/\\\/vena-stones.com\\\/fr\\\/systeme-vena\\\/#breadcrumb\",\"itemListElement\":[{\"@type\":\"ListItem\",\"position\":1,\"name\":\"Home\",\"item\":\"https:\\\/\\\/vena-stones.com\\\/fr\\\/\"},{\"@type\":\"ListItem\",\"position\":2,\"name\":\"Syst\u00e8me Vena\"}]},{\"@type\":\"WebSite\",\"@id\":\"https:\\\/\\\/vena-stones.com\\\/fr\\\/#website\",\"url\":\"https:\\\/\\\/vena-stones.com\\\/fr\\\/\",\"name\":\"Pierres VENA\",\"description\":\"Panneau de pierre viss\u00e9e VENA\",\"publisher\":{\"@id\":\"https:\\\/\\\/vena-stones.com\\\/fr\\\/#organization\"},\"potentialAction\":[{\"@type\":\"SearchAction\",\"target\":{\"@type\":\"EntryPoint\",\"urlTemplate\":\"https:\\\/\\\/vena-stones.com\\\/fr\\\/?s={search_term_string}\"},\"query-input\":{\"@type\":\"PropertyValueSpecification\",\"valueRequired\":true,\"valueName\":\"search_term_string\"}}],\"inLanguage\":\"fr-FR\"},{\"@type\":\"Organization\",\"@id\":\"https:\\\/\\\/vena-stones.com\\\/fr\\\/#organization\",\"name\":\"VENA Stones\",\"url\":\"https:\\\/\\\/vena-stones.com\\\/fr\\\/\",\"logo\":{\"@type\":\"ImageObject\",\"inLanguage\":\"fr-FR\",\"@id\":\"https:\\\/\\\/vena-stones.com\\\/fr\\\/#\\\/schema\\\/logo\\\/image\\\/\",\"url\":\"http:\\\/\\\/vena-stones.com\\\/wp-content\\\/uploads\\\/2022\\\/03\\\/logo-pierres-vena.png\",\"contentUrl\":\"http:\\\/\\\/vena-stones.com\\\/wp-content\\\/uploads\\\/2022\\\/03\\\/logo-pierres-vena.png\",\"width\":556,\"height\":200,\"caption\":\"VENA Stones\"},\"image\":{\"@id\":\"https:\\\/\\\/vena-stones.com\\\/fr\\\/#\\\/schema\\\/logo\\\/image\\\/\"}}]}<\/script>\n<!-- \/ Yoast SEO plugin. -->","yoast_head_json":{"title":"Syst\u00e8me Vena - Pierres VENA","robots":{"index":"index","follow":"follow","max-snippet":"max-snippet:-1","max-image-preview":"max-image-preview:large","max-video-preview":"max-video-preview:-1"},"canonical":"https:\/\/vena-stones.com\/fr\/systeme-vena\/","og_locale":"fr_FR","og_type":"article","og_title":"Syst\u00e8me Vena - Pierres VENA","og_url":"https:\/\/vena-stones.com\/fr\/systeme-vena\/","og_site_name":"Pierres VENA","article_modified_time":"2023-05-19T12:46:27+00:00","twitter_card":"summary_large_image","twitter_misc":{"Dur\u00e9e de lecture estim\u00e9e":"2 minutes"},"schema":{"@context":"https:\/\/schema.org","@graph":[{"@type":"WebPage","@id":"https:\/\/vena-stones.com\/fr\/systeme-vena\/","url":"https:\/\/vena-stones.com\/fr\/systeme-vena\/","name":"Syst\u00e8me Vena - Pierres VENA","isPartOf":{"@id":"https:\/\/vena-stones.com\/fr\/#website"},"datePublished":"2023-05-15T07:57:52+00:00","dateModified":"2023-05-19T12:46:27+00:00","breadcrumb":{"@id":"https:\/\/vena-stones.com\/fr\/systeme-vena\/#breadcrumb"},"inLanguage":"fr-FR","potentialAction":[{"@type":"ReadAction","target":["https:\/\/vena-stones.com\/fr\/systeme-vena\/"]}]},{"@type":"BreadcrumbList","@id":"https:\/\/vena-stones.com\/fr\/systeme-vena\/#breadcrumb","itemListElement":[{"@type":"ListItem","position":1,"name":"Home","item":"https:\/\/vena-stones.com\/fr\/"},{"@type":"ListItem","position":2,"name":"Syst\u00e8me Vena"}]},{"@type":"WebSite","@id":"https:\/\/vena-stones.com\/fr\/#website","url":"https:\/\/vena-stones.com\/fr\/","name":"Pierres VENA","description":"Panneau de pierre viss\u00e9e VENA","publisher":{"@id":"https:\/\/vena-stones.com\/fr\/#organization"},"potentialAction":[{"@type":"SearchAction","target":{"@type":"EntryPoint","urlTemplate":"https:\/\/vena-stones.com\/fr\/?s={search_term_string}"},"query-input":{"@type":"PropertyValueSpecification","valueRequired":true,"valueName":"search_term_string"}}],"inLanguage":"fr-FR"},{"@type":"Organization","@id":"https:\/\/vena-stones.com\/fr\/#organization","name":"VENA Stones","url":"https:\/\/vena-stones.com\/fr\/","logo":{"@type":"ImageObject","inLanguage":"fr-FR","@id":"https:\/\/vena-stones.com\/fr\/#\/schema\/logo\/image\/","url":"http:\/\/vena-stones.com\/wp-content\/uploads\/2022\/03\/logo-pierres-vena.png","contentUrl":"http:\/\/vena-stones.com\/wp-content\/uploads\/2022\/03\/logo-pierres-vena.png","width":556,"height":200,"caption":"VENA Stones"},"image":{"@id":"https:\/\/vena-stones.com\/fr\/#\/schema\/logo\/image\/"}}]}},"_links":{"self":[{"href":"https:\/\/vena-stones.com\/fr\/wp-json\/wp\/v2\/pages\/1287","targetHints":{"allow":["GET"]}}],"collection":[{"href":"https:\/\/vena-stones.com\/fr\/wp-json\/wp\/v2\/pages"}],"about":[{"href":"https:\/\/vena-stones.com\/fr\/wp-json\/wp\/v2\/types\/page"}],"author":[{"embeddable":true,"href":"https:\/\/vena-stones.com\/fr\/wp-json\/wp\/v2\/users\/2"}],"replies":[{"embeddable":true,"href":"https:\/\/vena-stones.com\/fr\/wp-json\/wp\/v2\/comments?post=1287"}],"version-history":[{"count":78,"href":"https:\/\/vena-stones.com\/fr\/wp-json\/wp\/v2\/pages\/1287\/revisions"}],"predecessor-version":[{"id":1488,"href":"https:\/\/vena-stones.com\/fr\/wp-json\/wp\/v2\/pages\/1287\/revisions\/1488"}],"wp:attachment":[{"href":"https:\/\/vena-stones.com\/fr\/wp-json\/wp\/v2\/media?parent=1287"}],"curies":[{"name":"wp","href":"https:\/\/api.w.org\/{rel}","templated":true}]}}