{"id":1494,"date":"2023-05-25T02:19:47","date_gmt":"2023-05-25T06:19:47","guid":{"rendered":"http:\/\/vena-stones.com\/?page_id=1494"},"modified":"2025-06-10T04:49:38","modified_gmt":"2025-06-10T08:49:38","slug":"ou-acheter","status":"publish","type":"page","link":"https:\/\/vena-stones.com\/fr\/ou-acheter\/","title":{"rendered":"O\u00f9 acheter\u202f?"},"content":{"rendered":"<div class=\"row\"  id=\"row-1771570249\">\n\n\t<div id=\"col-1405299373\" class=\"col medium-6 small-12 large-6\"  >\n\t\t\t\t<div class=\"col-inner\"  >\n\t\t\t\n\t\t\t\n<p><strong>Les commerces qui suivent sont des d\u00e9taillants autoris\u00e9s par Les Pierres Royales. Rendez-vous chez l&rsquo;un d&rsquo;entre eux pour retrouver nos produits\u202f!<\/strong><\/p>\n<p>Pour savoir ou vous procurez nos produits aux \u00c9tats-Unis cliquez sur le lien suivant.<\/p>\n<div class=\"row\"  id=\"row-2059503759\">\n\n\t<div id=\"col-1952850266\" class=\"col medium-6 small-12 large-6\"  >\n\t\t\t\t<div class=\"col-inner\"  >\n\t\t\t\n\t\t\t\n\t<div class=\"img has-hover x md-x lg-x y md-y lg-y\" id=\"image_2056880743\">\n\t\t<a class=\"\" href=\"https:\/\/www.menards.com\/store-details\/locator.html\" target=\"_blank\" rel=\"noopener\" >\t\t\t\t\t\t<div class=\"img-inner dark\" style=\"margin:20px 0px 0px 0px;\">\n\t\t\t<img loading=\"lazy\" decoding=\"async\" width=\"394\" height=\"81\" src=\"https:\/\/vena-stones.com\/wp-content\/uploads\/2025\/03\/menards-logo-lg-no-slogan.png\" class=\"attachment-original size-original\" alt=\"\" srcset=\"https:\/\/vena-stones.com\/wp-content\/uploads\/2025\/03\/menards-logo-lg-no-slogan.png 394w, https:\/\/vena-stones.com\/wp-content\/uploads\/2025\/03\/menards-logo-lg-no-slogan-300x62.png 300w\" sizes=\"auto, (max-width: 394px) 100vw, 394px\" \/>\t\t\t\t\t\t\n\t\t\t\t\t<\/div>\n\t\t\t\t\t\t<\/a>\t\t\n<style>\n#image_2056880743 {\n  width: 100%;\n}\n<\/style>\n\t<\/div>\n\t\n\t\t<\/div>\n\t\t\t\t\t<\/div>\n\n\t\n\n\t<div id=\"col-1489125926\" class=\"col medium-6 small-12 large-6\"  >\n\t\t\t\t<div class=\"col-inner\"  >\n\t\t\t\n\t\t\t\n\t<div id=\"text-3274049729\" class=\"text\">\n\t\t\n<p style=\"margin-top:6px\"><span class=\"agsdi-icon fleche-where\" style=\"font-size:30px;padding-top:10px;\" data-icon=\"agsdix-seth-arrow_left\">arrow_left icon<\/span> Cliquez ici pour localiser votre magasin Menards le plus proche.<\/p>\n\t\t\n<style>\n#text-3274049729 {\n  font-size: 0.9rem;\n}\n<\/style>\n\t<\/div>\n\t\n\t\t<\/div>\n\t\t\t\t\t<\/div>\n\n\t\n<\/div>\n\t\t<\/div>\n\t\t\t\t\t<\/div>\n\n\t\n\n\t<div id=\"col-752134868\" class=\"col medium-6 small-12 large-6\"  >\n\t\t\t\t<div class=\"col-inner\"  >\n\t\t\t\n\t\t\t\n<p>Vous avez un commerce et vous d\u00e9sirez devenir distributeur de la ligne de pierre viss\u00e9e Vena, faites votre demande d&rsquo;ouverture de compte en cliquant sur le lien suivant, un repr\u00e9sentant communiquera avec vous dans les plus brefs d\u00e9lais.<\/p>\n<a href=\"https:\/\/forms.office.com\/Pages\/ResponsePage.aspx?id=OdVBj_4G0E-pkiXY6rtYX1b7053ZrHhCvFHOirEInnxUNFU0SldYSVZBTDNXOUo5NzROVVkxNksyWS4u\" target=\"new\" class=\"button secondary is-secondary is-medium wpsl-c-mobile-button\" >\n\t\t<span>Ouverture de compte<\/span>\n\t<\/a>\n\n\t\t<\/div>\n\t\t\t\t\t<\/div>\n\n\t\n\n<style>\n#row-1771570249 > .col > .col-inner {\n  padding: 0px 0px 0px 0px;\n}\n<\/style>\n<\/div>\n<style>\r\n\t#wpsl-stores, #wpsl-direction-details, #wpsl-gmap {height:518px !important;}\r\n\t#wpsl-gmap .wpsl-info-window {max-width:275px !important;}\r\n\t.wpsl-input label, #wpsl-radius label, #wpsl-category label {width:60px;}\r\n\t#wpsl-search-input ,#wpsl-category .wpsl-dropdown {width:185px;}\r\n<\/style>\r\n<div id=\"wpsl-wrap\">\r\n\t<div class=\"wpsl-search wpsl-clearfix wpsl-filter\">\r\n\t\t<div id=\"wpsl-search-wrap\">\r\n\t\t\t<form autocomplete=\"off\">\r\n\t\t\t<div class=\"wpsl-input\">\r\n\t\t\t\t<div><label for=\"wpsl-search-input\" style=\"width: 144px;margin-right: 0px;\">Ville \/ Code postal<\/label><\/div>\r\n\t\t\t\t<input id=\"wpsl-search-input\" type=\"text\" value=\"\" name=\"wpsl-search-input\" placeholder=\"\" aria-required=\"true\" \/>\r\n\t\t\t<\/div>\r\n\t\t\t<div class=\"wpsl-select-wrap\">\r\n<div id=\"wpsl-category\">\r\n<label for=\"wpsl-category-list\">Cat\u00e9gorie<\/label>\r\n<select  name='wpsl-category' id='wpsl-category-list' class='wpsl-dropdown'>\n\t<option value='0'>Tout<\/option>\n\t<option class=\"level-0\" value=\"78\">Abitibi-T\u00e9miscamingue<\/option>\n\t<option class=\"level-0\" value=\"100\">Alberta<\/option>\n\t<option class=\"level-0\" value=\"70\">Centre-du-Qu\u00e9bec<\/option>\n\t<option class=\"level-0\" value=\"99\">Colombie-Britannique<\/option>\n\t<option class=\"level-0\" value=\"76\">C\u00f4te-Nord<\/option>\n\t<option class=\"level-0\" value=\"68\">Estrie<\/option>\n\t<option class=\"level-0\" value=\"73\">Lanaudi\u00e8re<\/option>\n\t<option class=\"level-0\" value=\"72\">Laurentides<\/option>\n\t<option class=\"level-0\" value=\"94\">Massachussetts<\/option>\n\t<option class=\"level-0\" value=\"77\">Mauricie<\/option>\n\t<option class=\"level-0\" value=\"69\">Mont\u00e9r\u00e9gie<\/option>\n\t<option class=\"level-0\" value=\"71\">Nouveau Brunswick<\/option>\n\t<option class=\"level-0\" value=\"107\">Nouvelle-\u00c9cosse<\/option>\n\t<option class=\"level-0\" value=\"67\">Ontario<\/option>\n\t<option class=\"level-0\" value=\"75\">Outaouais<\/option>\n\t<option class=\"level-0\" value=\"66\">Qu\u00e9bec<\/option>\n\t<option class=\"level-0\" value=\"79\">Saguenay Lac-Saint-Jean<\/option>\n\t<option class=\"level-0\" value=\"103\">Saskatchewan<\/option>\n\t<option class=\"level-0\" value=\"109\">Terre-Neuve<\/option>\n\t<option class=\"level-0\" value=\"93\">Vermont<\/option>\n<\/select>\n<\/div>\r\n\t\t\t\t<div id=\"wpsl-radius\">\r\n\t\t\t\t\t<div><label for=\"wpsl-radius-dropdown\">Rayon<\/label><\/div>\r\n\t\t\t\t\t<select id=\"wpsl-radius-dropdown\" class=\"wpsl-dropdown\" name=\"wpsl-radius\">\r\n\t\t\t\t\t\t<option value=\"10\">10 km<\/option><option value=\"25\">25 km<\/option><option selected=\"selected\" value=\"50\">50 km<\/option><option value=\"100\">100 km<\/option><option value=\"200\">200 km<\/option><option value=\"500\">500 km<\/option>\r\n\t\t\t\t\t<\/select>\r\n\t\t\t\t<\/div>\r\n\t\t\t\t<div class=\"wpsl-search-btn-wrap\"><input id=\"wpsl-search-btn\" type=\"submit\" value=\"Recherche\"><\/div>\r\n\t\t\t<\/div>\r\n\t\t<\/form>\r\n\t\t<\/div>\r\n\t<\/div>\r\n\t<div id=\"wpsl-gmap\" class=\"wpsl-gmap-canvas\"><\/div>\r\n\t<div id=\"wpsl-result-list\">\r\n\t\t<div id=\"wpsl-stores\" >\r\n\t\t\t<ul><\/ul>\r\n\t\t<\/div>\r\n\t\t<div id=\"wpsl-direction-details\">\r\n\t\t\t<ul><\/ul>\r\n\t\t<\/div>\r\n\t<\/div>\r\n<\/div>\r\n\n<p>\u00a0<\/p>\n","protected":false},"excerpt":{"rendered":"<p>\u00a0<\/p>\n","protected":false},"author":2,"featured_media":0,"parent":0,"menu_order":0,"comment_status":"closed","ping_status":"closed","template":"page-blank-title-center.php","meta":{"footnotes":""},"class_list":["post-1494","page","type-page","status-publish","hentry"],"yoast_head":"<!-- This site is optimized with the Yoast SEO plugin v27.4 - https:\/\/yoast.com\/product\/yoast-seo-wordpress\/ -->\n<title>O\u00f9 acheter\u202f? - Pierres VENA<\/title>\n<meta name=\"robots\" content=\"index, follow, max-snippet:-1, max-image-preview:large, max-video-preview:-1\" \/>\n<link rel=\"canonical\" href=\"https:\/\/vena-stones.com\/fr\/ou-acheter\/\" \/>\n<meta property=\"og:locale\" content=\"fr_FR\" \/>\n<meta property=\"og:type\" content=\"article\" \/>\n<meta property=\"og:title\" content=\"O\u00f9 acheter\u202f? - Pierres VENA\" \/>\n<meta property=\"og:description\" content=\"\u00a0\" \/>\n<meta property=\"og:url\" content=\"https:\/\/vena-stones.com\/fr\/ou-acheter\/\" \/>\n<meta property=\"og:site_name\" content=\"Pierres VENA\" \/>\n<meta property=\"article:modified_time\" content=\"2025-06-10T08:49:38+00:00\" \/>\n<meta name=\"twitter:card\" content=\"summary_large_image\" \/>\n<meta name=\"twitter:label1\" content=\"Dur\u00e9e de lecture estim\u00e9e\" \/>\n\t<meta name=\"twitter:data1\" content=\"1 minute\" \/>\n<script type=\"application\/ld+json\" class=\"yoast-schema-graph\">{\"@context\":\"https:\\\/\\\/schema.org\",\"@graph\":[{\"@type\":\"WebPage\",\"@id\":\"https:\\\/\\\/vena-stones.com\\\/fr\\\/ou-acheter\\\/\",\"url\":\"https:\\\/\\\/vena-stones.com\\\/fr\\\/ou-acheter\\\/\",\"name\":\"O\u00f9 acheter\u202f? - Pierres VENA\",\"isPartOf\":{\"@id\":\"https:\\\/\\\/vena-stones.com\\\/fr\\\/#website\"},\"datePublished\":\"2023-05-25T06:19:47+00:00\",\"dateModified\":\"2025-06-10T08:49:38+00:00\",\"breadcrumb\":{\"@id\":\"https:\\\/\\\/vena-stones.com\\\/fr\\\/ou-acheter\\\/#breadcrumb\"},\"inLanguage\":\"fr-FR\",\"potentialAction\":[{\"@type\":\"ReadAction\",\"target\":[\"https:\\\/\\\/vena-stones.com\\\/fr\\\/ou-acheter\\\/\"]}]},{\"@type\":\"BreadcrumbList\",\"@id\":\"https:\\\/\\\/vena-stones.com\\\/fr\\\/ou-acheter\\\/#breadcrumb\",\"itemListElement\":[{\"@type\":\"ListItem\",\"position\":1,\"name\":\"Home\",\"item\":\"https:\\\/\\\/vena-stones.com\\\/fr\\\/\"},{\"@type\":\"ListItem\",\"position\":2,\"name\":\"O\u00f9 acheter\u202f?\"}]},{\"@type\":\"WebSite\",\"@id\":\"https:\\\/\\\/vena-stones.com\\\/fr\\\/#website\",\"url\":\"https:\\\/\\\/vena-stones.com\\\/fr\\\/\",\"name\":\"Pierres VENA\",\"description\":\"Panneau de pierre viss\u00e9e VENA\",\"publisher\":{\"@id\":\"https:\\\/\\\/vena-stones.com\\\/fr\\\/#organization\"},\"potentialAction\":[{\"@type\":\"SearchAction\",\"target\":{\"@type\":\"EntryPoint\",\"urlTemplate\":\"https:\\\/\\\/vena-stones.com\\\/fr\\\/?s={search_term_string}\"},\"query-input\":{\"@type\":\"PropertyValueSpecification\",\"valueRequired\":true,\"valueName\":\"search_term_string\"}}],\"inLanguage\":\"fr-FR\"},{\"@type\":\"Organization\",\"@id\":\"https:\\\/\\\/vena-stones.com\\\/fr\\\/#organization\",\"name\":\"VENA Stones\",\"url\":\"https:\\\/\\\/vena-stones.com\\\/fr\\\/\",\"logo\":{\"@type\":\"ImageObject\",\"inLanguage\":\"fr-FR\",\"@id\":\"https:\\\/\\\/vena-stones.com\\\/fr\\\/#\\\/schema\\\/logo\\\/image\\\/\",\"url\":\"http:\\\/\\\/vena-stones.com\\\/wp-content\\\/uploads\\\/2022\\\/03\\\/logo-pierres-vena.png\",\"contentUrl\":\"http:\\\/\\\/vena-stones.com\\\/wp-content\\\/uploads\\\/2022\\\/03\\\/logo-pierres-vena.png\",\"width\":556,\"height\":200,\"caption\":\"VENA Stones\"},\"image\":{\"@id\":\"https:\\\/\\\/vena-stones.com\\\/fr\\\/#\\\/schema\\\/logo\\\/image\\\/\"}}]}<\/script>\n<!-- \/ Yoast SEO plugin. -->","yoast_head_json":{"title":"O\u00f9 acheter\u202f? - Pierres VENA","robots":{"index":"index","follow":"follow","max-snippet":"max-snippet:-1","max-image-preview":"max-image-preview:large","max-video-preview":"max-video-preview:-1"},"canonical":"https:\/\/vena-stones.com\/fr\/ou-acheter\/","og_locale":"fr_FR","og_type":"article","og_title":"O\u00f9 acheter\u202f? - Pierres VENA","og_description":"\u00a0","og_url":"https:\/\/vena-stones.com\/fr\/ou-acheter\/","og_site_name":"Pierres VENA","article_modified_time":"2025-06-10T08:49:38+00:00","twitter_card":"summary_large_image","twitter_misc":{"Dur\u00e9e de lecture estim\u00e9e":"1 minute"},"schema":{"@context":"https:\/\/schema.org","@graph":[{"@type":"WebPage","@id":"https:\/\/vena-stones.com\/fr\/ou-acheter\/","url":"https:\/\/vena-stones.com\/fr\/ou-acheter\/","name":"O\u00f9 acheter\u202f? - Pierres VENA","isPartOf":{"@id":"https:\/\/vena-stones.com\/fr\/#website"},"datePublished":"2023-05-25T06:19:47+00:00","dateModified":"2025-06-10T08:49:38+00:00","breadcrumb":{"@id":"https:\/\/vena-stones.com\/fr\/ou-acheter\/#breadcrumb"},"inLanguage":"fr-FR","potentialAction":[{"@type":"ReadAction","target":["https:\/\/vena-stones.com\/fr\/ou-acheter\/"]}]},{"@type":"BreadcrumbList","@id":"https:\/\/vena-stones.com\/fr\/ou-acheter\/#breadcrumb","itemListElement":[{"@type":"ListItem","position":1,"name":"Home","item":"https:\/\/vena-stones.com\/fr\/"},{"@type":"ListItem","position":2,"name":"O\u00f9 acheter\u202f?"}]},{"@type":"WebSite","@id":"https:\/\/vena-stones.com\/fr\/#website","url":"https:\/\/vena-stones.com\/fr\/","name":"Pierres VENA","description":"Panneau de pierre viss\u00e9e VENA","publisher":{"@id":"https:\/\/vena-stones.com\/fr\/#organization"},"potentialAction":[{"@type":"SearchAction","target":{"@type":"EntryPoint","urlTemplate":"https:\/\/vena-stones.com\/fr\/?s={search_term_string}"},"query-input":{"@type":"PropertyValueSpecification","valueRequired":true,"valueName":"search_term_string"}}],"inLanguage":"fr-FR"},{"@type":"Organization","@id":"https:\/\/vena-stones.com\/fr\/#organization","name":"VENA Stones","url":"https:\/\/vena-stones.com\/fr\/","logo":{"@type":"ImageObject","inLanguage":"fr-FR","@id":"https:\/\/vena-stones.com\/fr\/#\/schema\/logo\/image\/","url":"http:\/\/vena-stones.com\/wp-content\/uploads\/2022\/03\/logo-pierres-vena.png","contentUrl":"http:\/\/vena-stones.com\/wp-content\/uploads\/2022\/03\/logo-pierres-vena.png","width":556,"height":200,"caption":"VENA Stones"},"image":{"@id":"https:\/\/vena-stones.com\/fr\/#\/schema\/logo\/image\/"}}]}},"_links":{"self":[{"href":"https:\/\/vena-stones.com\/fr\/wp-json\/wp\/v2\/pages\/1494","targetHints":{"allow":["GET"]}}],"collection":[{"href":"https:\/\/vena-stones.com\/fr\/wp-json\/wp\/v2\/pages"}],"about":[{"href":"https:\/\/vena-stones.com\/fr\/wp-json\/wp\/v2\/types\/page"}],"author":[{"embeddable":true,"href":"https:\/\/vena-stones.com\/fr\/wp-json\/wp\/v2\/users\/2"}],"replies":[{"embeddable":true,"href":"https:\/\/vena-stones.com\/fr\/wp-json\/wp\/v2\/comments?post=1494"}],"version-history":[{"count":34,"href":"https:\/\/vena-stones.com\/fr\/wp-json\/wp\/v2\/pages\/1494\/revisions"}],"predecessor-version":[{"id":3836,"href":"https:\/\/vena-stones.com\/fr\/wp-json\/wp\/v2\/pages\/1494\/revisions\/3836"}],"wp:attachment":[{"href":"https:\/\/vena-stones.com\/fr\/wp-json\/wp\/v2\/media?parent=1494"}],"curies":[{"name":"wp","href":"https:\/\/api.w.org\/{rel}","templated":true}]}}