{"id":2650,"date":"2024-06-07T01:44:19","date_gmt":"2024-06-07T05:44:19","guid":{"rendered":"http:\/\/vena-stones.com\/?page_id=2650"},"modified":"2024-06-08T05:24:11","modified_gmt":"2024-06-08T09:24:11","slug":"calculatrice","status":"publish","type":"page","link":"https:\/\/vena-stones.com\/fr\/calculatrice\/","title":{"rendered":"Calculatrice"},"content":{"rendered":"<div class=\"row\"  id=\"row-1485804997\">\n\n\t<div id=\"col-353771207\" class=\"col form_col1 medium-6 small-12 large-6\"  >\n\t\t\t\t<div class=\"col-inner\"  >\n\t\t\t\n\t\t\t\n<div class=\"container section-title-container form_title\" ><h3 class=\"section-title section-title-normal\"><b aria-hidden=\"true\"><\/b><span class=\"section-title-main\" >Veuillez indiquer dans l'unit\u00e9 de mesure demand\u00e9 les mesures li\u00e9es \u00e0 votre projet directement dans les cellules ci-dessous.<\/span><b aria-hidden=\"true\"><\/b><\/h3><\/div>\n<form id=\"simple-calculator-form\"><p><label for=\"sc_num1\">Surface \u00e0 couvrir en pi\u00b2<\/label><input type=\"number\" id=\"sc_num1\" name=\"sc_num1\"><\/p><p><label for=\"sc_num2\">Surface des portes et fen\u00eatres en pi\u00b2<\/label><input type=\"number\" id=\"sc_num2\" name=\"sc_num2\"><\/p><p><label for=\"sc_num3\">Pieds lin\u00e9aires de coins ext\u00e9rieurs<\/label><input type=\"number\" id=\"sc_num3\" name=\"sc_num3\"><\/p><p><label for=\"sc_num4\">Pieds lin\u00e9aires d'all\u00e8ges<\/label><input type=\"number\" id=\"sc_num4\" name=\"sc_num4\"><\/p><p><label for=\"sc_num5\">Starter strips in li.ft.<\/label><input type=\"number\" id=\"sc_num5\" name=\"sc_num5\"><\/p><\/form><div id=\"calculator-results\"><\/div>\n<div class=\"container section-title-container form_title2\" ><h3 class=\"section-title section-title-normal\"><b aria-hidden=\"true\"><\/b><span class=\"section-title-main\" >Cette calculatrice est un outil d'estimation. Vous \u00eates responsable des quantit\u00e9s command\u00e9es pour votre projet.<\/span><b aria-hidden=\"true\"><\/b><\/h3><\/div>\n\t\t<\/div>\n\t\t\t\t\t<\/div>\n\n\t\n\n\t<div id=\"col-667153814\" class=\"col form_col2 medium-6 small-12 large-6\"  >\n\t\t\t\t<div class=\"col-inner\"  >\n\t\t\t\n\t\t\t\n\t<div class=\"img has-hover x md-x lg-x y md-y lg-y\" id=\"image_1617454545\">\n\t\t\t\t\t\t\t\t<div class=\"img-inner dark\" >\n\t\t\t<img loading=\"lazy\" decoding=\"async\" width=\"1020\" height=\"1023\" src=\"https:\/\/vena-stones.com\/wp-content\/uploads\/2024\/04\/66927_VenaLiverpool2024_PE_Web-1021x1024.jpg\" class=\"attachment-large size-large\" alt=\"\" srcset=\"https:\/\/vena-stones.com\/wp-content\/uploads\/2024\/04\/66927_VenaLiverpool2024_PE_Web-1021x1024.jpg 1021w, https:\/\/vena-stones.com\/wp-content\/uploads\/2024\/04\/66927_VenaLiverpool2024_PE_Web-300x300.jpg 300w, https:\/\/vena-stones.com\/wp-content\/uploads\/2024\/04\/66927_VenaLiverpool2024_PE_Web-150x150.jpg 150w, https:\/\/vena-stones.com\/wp-content\/uploads\/2024\/04\/66927_VenaLiverpool2024_PE_Web-768x770.jpg 768w, https:\/\/vena-stones.com\/wp-content\/uploads\/2024\/04\/66927_VenaLiverpool2024_PE_Web-1532x1536.jpg 1532w, https:\/\/vena-stones.com\/wp-content\/uploads\/2024\/04\/66927_VenaLiverpool2024_PE_Web.jpg 2000w\" sizes=\"auto, (max-width: 1020px) 100vw, 1020px\" \/>\t\t\t\t\t\t\n\t\t\t\t\t<\/div>\n\t\t\t\t\t\t\t\t\n<style>\n#image_1617454545 {\n  width: 100%;\n}\n<\/style>\n\t<\/div>\n\t\n\t\t<\/div>\n\t\t\t\t\t<\/div>\n\n\t\n\n<style>\n#row-1485804997 > .col > .col-inner {\n  padding: 0px 0px 0px 0px;\n}\n<\/style>\n<\/div>\n","protected":false},"excerpt":{"rendered":"","protected":false},"author":2,"featured_media":0,"parent":0,"menu_order":0,"comment_status":"closed","ping_status":"closed","template":"","meta":{"footnotes":""},"class_list":["post-2650","page","type-page","status-publish","hentry"],"yoast_head":"<!-- This site is optimized with the Yoast SEO plugin v27.4 - https:\/\/yoast.com\/product\/yoast-seo-wordpress\/ -->\n<title>Calculatrice - Pierres VENA<\/title>\n<meta name=\"robots\" content=\"index, follow, max-snippet:-1, max-image-preview:large, max-video-preview:-1\" \/>\n<link rel=\"canonical\" href=\"https:\/\/vena-stones.com\/fr\/calculatrice\/\" \/>\n<meta property=\"og:locale\" content=\"fr_FR\" \/>\n<meta property=\"og:type\" content=\"article\" \/>\n<meta property=\"og:title\" content=\"Calculatrice - Pierres VENA\" \/>\n<meta property=\"og:url\" content=\"https:\/\/vena-stones.com\/fr\/calculatrice\/\" \/>\n<meta property=\"og:site_name\" content=\"Pierres VENA\" \/>\n<meta property=\"article:modified_time\" content=\"2024-06-08T09:24:11+00:00\" \/>\n<meta name=\"twitter:card\" content=\"summary_large_image\" \/>\n<script type=\"application\/ld+json\" class=\"yoast-schema-graph\">{\"@context\":\"https:\\\/\\\/schema.org\",\"@graph\":[{\"@type\":\"WebPage\",\"@id\":\"https:\\\/\\\/vena-stones.com\\\/fr\\\/calculatrice\\\/\",\"url\":\"https:\\\/\\\/vena-stones.com\\\/fr\\\/calculatrice\\\/\",\"name\":\"Calculatrice - Pierres VENA\",\"isPartOf\":{\"@id\":\"https:\\\/\\\/vena-stones.com\\\/fr\\\/#website\"},\"datePublished\":\"2024-06-07T05:44:19+00:00\",\"dateModified\":\"2024-06-08T09:24:11+00:00\",\"breadcrumb\":{\"@id\":\"https:\\\/\\\/vena-stones.com\\\/fr\\\/calculatrice\\\/#breadcrumb\"},\"inLanguage\":\"fr-FR\",\"potentialAction\":[{\"@type\":\"ReadAction\",\"target\":[\"https:\\\/\\\/vena-stones.com\\\/fr\\\/calculatrice\\\/\"]}]},{\"@type\":\"BreadcrumbList\",\"@id\":\"https:\\\/\\\/vena-stones.com\\\/fr\\\/calculatrice\\\/#breadcrumb\",\"itemListElement\":[{\"@type\":\"ListItem\",\"position\":1,\"name\":\"Home\",\"item\":\"https:\\\/\\\/vena-stones.com\\\/fr\\\/\"},{\"@type\":\"ListItem\",\"position\":2,\"name\":\"Calculatrice\"}]},{\"@type\":\"WebSite\",\"@id\":\"https:\\\/\\\/vena-stones.com\\\/fr\\\/#website\",\"url\":\"https:\\\/\\\/vena-stones.com\\\/fr\\\/\",\"name\":\"Pierres VENA\",\"description\":\"Panneau de pierre viss\u00e9e VENA\",\"publisher\":{\"@id\":\"https:\\\/\\\/vena-stones.com\\\/fr\\\/#organization\"},\"potentialAction\":[{\"@type\":\"SearchAction\",\"target\":{\"@type\":\"EntryPoint\",\"urlTemplate\":\"https:\\\/\\\/vena-stones.com\\\/fr\\\/?s={search_term_string}\"},\"query-input\":{\"@type\":\"PropertyValueSpecification\",\"valueRequired\":true,\"valueName\":\"search_term_string\"}}],\"inLanguage\":\"fr-FR\"},{\"@type\":\"Organization\",\"@id\":\"https:\\\/\\\/vena-stones.com\\\/fr\\\/#organization\",\"name\":\"VENA Stones\",\"url\":\"https:\\\/\\\/vena-stones.com\\\/fr\\\/\",\"logo\":{\"@type\":\"ImageObject\",\"inLanguage\":\"fr-FR\",\"@id\":\"https:\\\/\\\/vena-stones.com\\\/fr\\\/#\\\/schema\\\/logo\\\/image\\\/\",\"url\":\"http:\\\/\\\/vena-stones.com\\\/wp-content\\\/uploads\\\/2022\\\/03\\\/logo-pierres-vena.png\",\"contentUrl\":\"http:\\\/\\\/vena-stones.com\\\/wp-content\\\/uploads\\\/2022\\\/03\\\/logo-pierres-vena.png\",\"width\":556,\"height\":200,\"caption\":\"VENA Stones\"},\"image\":{\"@id\":\"https:\\\/\\\/vena-stones.com\\\/fr\\\/#\\\/schema\\\/logo\\\/image\\\/\"}}]}<\/script>\n<!-- \/ Yoast SEO plugin. -->","yoast_head_json":{"title":"Calculatrice - Pierres VENA","robots":{"index":"index","follow":"follow","max-snippet":"max-snippet:-1","max-image-preview":"max-image-preview:large","max-video-preview":"max-video-preview:-1"},"canonical":"https:\/\/vena-stones.com\/fr\/calculatrice\/","og_locale":"fr_FR","og_type":"article","og_title":"Calculatrice - Pierres VENA","og_url":"https:\/\/vena-stones.com\/fr\/calculatrice\/","og_site_name":"Pierres VENA","article_modified_time":"2024-06-08T09:24:11+00:00","twitter_card":"summary_large_image","schema":{"@context":"https:\/\/schema.org","@graph":[{"@type":"WebPage","@id":"https:\/\/vena-stones.com\/fr\/calculatrice\/","url":"https:\/\/vena-stones.com\/fr\/calculatrice\/","name":"Calculatrice - Pierres VENA","isPartOf":{"@id":"https:\/\/vena-stones.com\/fr\/#website"},"datePublished":"2024-06-07T05:44:19+00:00","dateModified":"2024-06-08T09:24:11+00:00","breadcrumb":{"@id":"https:\/\/vena-stones.com\/fr\/calculatrice\/#breadcrumb"},"inLanguage":"fr-FR","potentialAction":[{"@type":"ReadAction","target":["https:\/\/vena-stones.com\/fr\/calculatrice\/"]}]},{"@type":"BreadcrumbList","@id":"https:\/\/vena-stones.com\/fr\/calculatrice\/#breadcrumb","itemListElement":[{"@type":"ListItem","position":1,"name":"Home","item":"https:\/\/vena-stones.com\/fr\/"},{"@type":"ListItem","position":2,"name":"Calculatrice"}]},{"@type":"WebSite","@id":"https:\/\/vena-stones.com\/fr\/#website","url":"https:\/\/vena-stones.com\/fr\/","name":"Pierres VENA","description":"Panneau de pierre viss\u00e9e VENA","publisher":{"@id":"https:\/\/vena-stones.com\/fr\/#organization"},"potentialAction":[{"@type":"SearchAction","target":{"@type":"EntryPoint","urlTemplate":"https:\/\/vena-stones.com\/fr\/?s={search_term_string}"},"query-input":{"@type":"PropertyValueSpecification","valueRequired":true,"valueName":"search_term_string"}}],"inLanguage":"fr-FR"},{"@type":"Organization","@id":"https:\/\/vena-stones.com\/fr\/#organization","name":"VENA Stones","url":"https:\/\/vena-stones.com\/fr\/","logo":{"@type":"ImageObject","inLanguage":"fr-FR","@id":"https:\/\/vena-stones.com\/fr\/#\/schema\/logo\/image\/","url":"http:\/\/vena-stones.com\/wp-content\/uploads\/2022\/03\/logo-pierres-vena.png","contentUrl":"http:\/\/vena-stones.com\/wp-content\/uploads\/2022\/03\/logo-pierres-vena.png","width":556,"height":200,"caption":"VENA Stones"},"image":{"@id":"https:\/\/vena-stones.com\/fr\/#\/schema\/logo\/image\/"}}]}},"_links":{"self":[{"href":"https:\/\/vena-stones.com\/fr\/wp-json\/wp\/v2\/pages\/2650","targetHints":{"allow":["GET"]}}],"collection":[{"href":"https:\/\/vena-stones.com\/fr\/wp-json\/wp\/v2\/pages"}],"about":[{"href":"https:\/\/vena-stones.com\/fr\/wp-json\/wp\/v2\/types\/page"}],"author":[{"embeddable":true,"href":"https:\/\/vena-stones.com\/fr\/wp-json\/wp\/v2\/users\/2"}],"replies":[{"embeddable":true,"href":"https:\/\/vena-stones.com\/fr\/wp-json\/wp\/v2\/comments?post=2650"}],"version-history":[{"count":10,"href":"https:\/\/vena-stones.com\/fr\/wp-json\/wp\/v2\/pages\/2650\/revisions"}],"predecessor-version":[{"id":2686,"href":"https:\/\/vena-stones.com\/fr\/wp-json\/wp\/v2\/pages\/2650\/revisions\/2686"}],"wp:attachment":[{"href":"https:\/\/vena-stones.com\/fr\/wp-json\/wp\/v2\/media?parent=2650"}],"curies":[{"name":"wp","href":"https:\/\/api.w.org\/{rel}","templated":true}]}}