{"id":2906,"date":"2024-11-07T02:27:28","date_gmt":"2024-11-07T07:27:28","guid":{"rendered":"https:\/\/vena-stones.com\/?page_id=2906"},"modified":"2024-11-07T03:05:19","modified_gmt":"2024-11-07T08:05:19","slug":"nous-joindre","status":"publish","type":"page","link":"https:\/\/vena-stones.com\/fr\/nous-joindre\/","title":{"rendered":"Nous joindre"},"content":{"rendered":"<div class=\"row\"  id=\"row-1275445492\">\n\n\t<div id=\"col-1875748675\" class=\"col medium-6 small-12 large-6\"  >\n\t\t\t\t<div class=\"col-inner\"  >\n\t\t\t\n\t\t\t\n\t<div class=\"img has-hover x md-x lg-x y md-y lg-y\" id=\"image_1117048238\">\n\t\t\t\t\t\t\t\t<div class=\"img-inner dark\" >\n\t\t\t<img loading=\"lazy\" decoding=\"async\" width=\"762\" height=\"502\" src=\"https:\/\/vena-stones.com\/wp-content\/uploads\/2024\/11\/Nous-joindre-site-Vena-2.jpg\" class=\"attachment-original size-original\" alt=\"\" srcset=\"https:\/\/vena-stones.com\/wp-content\/uploads\/2024\/11\/Nous-joindre-site-Vena-2.jpg 762w, https:\/\/vena-stones.com\/wp-content\/uploads\/2024\/11\/Nous-joindre-site-Vena-2-300x198.jpg 300w\" sizes=\"auto, (max-width: 762px) 100vw, 762px\" \/>\t\t\t\t\t\t\n\t\t\t\t\t<\/div>\n\t\t\t\t\t\t\t\t\n<style>\n#image_1117048238 {\n  width: 100%;\n}\n<\/style>\n\t<\/div>\n\t\n\t\t<\/div>\n\t\t\t\t\t<\/div>\n\n\t\n\n\t<div id=\"col-374450690\" class=\"col medium-6 small-12 large-6\"  >\n\t\t\t\t<div class=\"col-inner\"  >\n\t\t\t\n\t\t\t\n<p>Vous avez des questions et d\u00e9sirez parler avec notre service a la client\u00e8le, \u00e9crivez-nous dans la bo\u00eete ci-dessous et un membre de notre \u00e9quipe communiquera avec vous dans les plus brefs d\u00e9lais.<\/p>\n<p>Vous d\u00e9sirez avoir une soumission ou vous \u00eatre pr\u00eats \u00e0 placer votre commande, cliquez sur le lien suivant pour d\u00e9couvrir la liste de nos distributeurs<\/p>\n<a href=\"https:\/\/vena-stones.com\/fr\/ou-acheter\/\" class=\"button primary\" >\n\t\t<span>Trouver un distributeur<\/span>\n\t<\/a>\n\n\n\t\t<div class=\"icon-box featured-box icon-box-left text-left\"  >\n\t\t\t\t\t<div class=\"icon-box-img\" style=\"width: 20px\">\n\t\t\t\t<div class=\"icon\">\n\t\t\t\t\t<div class=\"icon-inner\" >\n\t\t\t\t\t\t<img loading=\"lazy\" decoding=\"async\" width=\"43\" height=\"43\" src=\"https:\/\/vena-stones.com\/wp-content\/uploads\/2024\/11\/telephone.png\" class=\"attachment-medium size-medium\" alt=\"\" \/>\t\t\t\t\t<\/div>\n\t\t\t\t<\/div>\n\t\t\t<\/div>\n\t\t\t\t<div class=\"icon-box-text last-reset\">\n\t\t\t\t\t\t\t\t\t\n<p>450.929.2259<\/p>\n\t\t<\/div>\n\t<\/div>\n\t\n\t\n\n\t\t<div class=\"icon-box featured-box icon-box-left text-left\"  >\n\t\t\t\t\t<div class=\"icon-box-img\" style=\"width: 20px\">\n\t\t\t\t<div class=\"icon\">\n\t\t\t\t\t<div class=\"icon-inner\" >\n\t\t\t\t\t\t<img loading=\"lazy\" decoding=\"async\" width=\"43\" height=\"43\" src=\"https:\/\/vena-stones.com\/wp-content\/uploads\/2024\/11\/courriel.png\" class=\"attachment-medium size-medium\" alt=\"\" \/>\t\t\t\t\t<\/div>\n\t\t\t\t<\/div>\n\t\t\t<\/div>\n\t\t\t\t<div class=\"icon-box-text last-reset\">\n\t\t\t\t\t\t\t\t\t\n<p><a href=\"mailto:info@lespierresroyales.com\">info@lespierresroyales.com<\/a><\/p>\n\t\t<\/div>\n\t<\/div>\n\t\n\t\n\t\t<\/div>\n\t\t\t\t\t<\/div>\n\n\t\n<\/div>\n\n<div class=\"wpcf7 no-js\" id=\"wpcf7-f3014-o1\" lang=\"fr-FR\" dir=\"ltr\" data-wpcf7-id=\"3014\">\n<div class=\"screen-reader-response\"><p role=\"status\" aria-live=\"polite\" aria-atomic=\"true\"><\/p> <ul><\/ul><\/div>\n<form action=\"\/fr\/wp-json\/wp\/v2\/pages\/2906#wpcf7-f3014-o1\" method=\"post\" class=\"wpcf7-form init wpcf7-acceptance-as-validation\" aria-label=\"Formulaire de contact\" novalidate=\"novalidate\" data-status=\"init\">\n<fieldset class=\"hidden-fields-container\"><input type=\"hidden\" name=\"_wpcf7\" value=\"3014\" \/><input type=\"hidden\" name=\"_wpcf7_version\" value=\"6.1.5\" \/><input type=\"hidden\" name=\"_wpcf7_locale\" value=\"fr_FR\" \/><input type=\"hidden\" name=\"_wpcf7_unit_tag\" value=\"wpcf7-f3014-o1\" \/><input type=\"hidden\" name=\"_wpcf7_container_post\" value=\"0\" \/><input type=\"hidden\" name=\"_wpcf7_posted_data_hash\" value=\"\" \/><input type=\"hidden\" name=\"_wpcf7_recaptcha_response\" value=\"\" \/>\n<\/fieldset>\n<div class=\"colonne100\">\n\t<div class=\"colonne100\">\n\t\t<p><label>Nom*<\/label><span class=\"wpcf7-form-control-wrap\" data-name=\"your-name\"><input size=\"40\" maxlength=\"400\" class=\"wpcf7-form-control wpcf7-text wpcf7-validates-as-required\" aria-required=\"true\" aria-invalid=\"false\" placeholder=\"Nom\" value=\"\" type=\"text\" name=\"your-name\" \/><\/span>\n\t\t<\/p>\n\t<\/div>\n\t<div class=\"colonne100\">\n\t\t<p><label>Adresse<\/label><span class=\"wpcf7-form-control-wrap\" data-name=\"your-adresse\"><input size=\"40\" maxlength=\"400\" class=\"wpcf7-form-control wpcf7-text\" aria-invalid=\"false\" placeholder=\"Adresse\" value=\"\" type=\"text\" name=\"your-adresse\" \/><\/span>\n\t\t<\/p>\n\t<\/div>\n\t<div class=\"colonne100\">\n\t\t<p><label>T\u00e9l\u00e9phone<\/label><span class=\"wpcf7-form-control-wrap\" data-name=\"your-phone\"><input size=\"40\" maxlength=\"400\" class=\"wpcf7-form-control wpcf7-text\" aria-invalid=\"false\" placeholder=\"T\u00e9l\u00e9phone\" value=\"\" type=\"text\" name=\"your-phone\" \/><\/span>\n\t\t<\/p>\n\t<\/div>\n\t<div class=\"colonne100\">\n\t\t<p><label>Courriel*<\/label><span class=\"wpcf7-form-control-wrap\" data-name=\"your-email\"><input size=\"40\" maxlength=\"400\" class=\"wpcf7-form-control wpcf7-email wpcf7-validates-as-required wpcf7-text wpcf7-validates-as-email\" aria-required=\"true\" aria-invalid=\"false\" placeholder=\"Courriel\" value=\"\" type=\"email\" name=\"your-email\" \/><\/span>\n\t\t<\/p>\n\t<\/div>\n\t<div class=\"colonne100\">\n\t\t<p><label>Nom de compagnie<\/label><span class=\"wpcf7-form-control-wrap\" data-name=\"your-company-name\"><input size=\"40\" maxlength=\"400\" class=\"wpcf7-form-control wpcf7-text\" aria-invalid=\"false\" placeholder=\"Nom de compagnie\" value=\"\" type=\"text\" name=\"your-company-name\" \/><\/span>\n\t\t<\/p>\n\t<\/div>\n\t<div class=\"colonne100\">\n\t\t<p><label>Nom de projet<\/label><span class=\"wpcf7-form-control-wrap\" data-name=\"your-project-name\"><input size=\"40\" maxlength=\"400\" class=\"wpcf7-form-control wpcf7-text\" aria-invalid=\"false\" placeholder=\"Nom de projet\" value=\"\" type=\"text\" name=\"your-project-name\" \/><\/span>\n\t\t<\/p>\n\t<\/div>\n<\/div>\n<div class=\"colonne100\">\n\t<div class=\"colonne100\">\n\t\t<p><label>Vous \u00eates*<\/label><br \/>\n<span class=\"wpcf7-form-control-wrap\" data-name=\"you-are\"><select class=\"wpcf7-form-control wpcf7-select wpcf7-validates-as-required\" aria-required=\"true\" aria-invalid=\"false\" name=\"you-are\"><option value=\"\">Vous \u00eates<\/option><option value=\"Entrepreneur\">Entrepreneur<\/option><option value=\"Architecte\">Architecte<\/option><option value=\"Designer\">Designer<\/option><option value=\"Installateur\">Installateur<\/option><option value=\"Distributeur\">Distributeur<\/option><option value=\"C&#039;est mon projet je suis propri\u00e9taire\">C&#039;est mon projet je suis propri\u00e9taire<\/option><\/select><\/span>\n\t\t<\/p>\n\t<\/div>\n\t<div class=\"colonne100\">\n\t\t<p><label>Question*<\/label><span class=\"wpcf7-form-control-wrap\" data-name=\"your-questions\"><textarea cols=\"40\" rows=\"10\" maxlength=\"2000\" class=\"wpcf7-form-control wpcf7-textarea wpcf7-validates-as-required\" aria-required=\"true\" aria-invalid=\"false\" placeholder=\"Question\" name=\"your-questions\"><\/textarea><\/span>\n\t\t<\/p>\n\t<\/div>\n<\/div>\n<div class=\"colonne100\">\n\t<p><strong>Consentement*<\/strong><br \/>\n<span class=\"wpcf7-form-control-wrap\" data-name=\"your-consent\"><span class=\"wpcf7-form-control wpcf7-acceptance\"><span class=\"wpcf7-list-item\"><label><input type=\"checkbox\" name=\"your-consent\" value=\"1\" aria-invalid=\"false\" \/><span class=\"wpcf7-list-item-label\">J\u2019accepte la <a href=\"https:\/\/lespierresroyales.com\/politique-de-temoins-ca\/\">politique de confidentialit\u00e9<\/a>.<\/span><\/label><\/span><\/span><\/span>\n\t<\/p>\n\n\t<p><input class=\"wpcf7-form-control wpcf7-submit has-spinner\" type=\"submit\" value=\"Envoyer votre message\" \/>\n\t<\/p>\n<\/div><div class=\"wpcf7-response-output\" aria-hidden=\"true\"><\/div>\n<\/form>\n<\/div>\n\n","protected":false},"excerpt":{"rendered":"","protected":false},"author":2,"featured_media":0,"parent":0,"menu_order":0,"comment_status":"closed","ping_status":"closed","template":"page-blank-title-center.php","meta":{"footnotes":""},"class_list":["post-2906","page","type-page","status-publish","hentry"],"yoast_head":"<!-- This site is optimized with the Yoast SEO plugin v27.2 - https:\/\/yoast.com\/product\/yoast-seo-wordpress\/ -->\n<title>Nous joindre - Pierres VENA<\/title>\n<meta name=\"robots\" content=\"index, follow, max-snippet:-1, max-image-preview:large, max-video-preview:-1\" \/>\n<link rel=\"canonical\" href=\"https:\/\/vena-stones.com\/fr\/nous-joindre\/\" \/>\n<meta property=\"og:locale\" content=\"fr_FR\" \/>\n<meta property=\"og:type\" content=\"article\" \/>\n<meta property=\"og:title\" content=\"Nous joindre - Pierres VENA\" \/>\n<meta property=\"og:url\" content=\"https:\/\/vena-stones.com\/fr\/nous-joindre\/\" \/>\n<meta property=\"og:site_name\" content=\"Pierres VENA\" \/>\n<meta property=\"article:modified_time\" content=\"2024-11-07T08:05:19+00:00\" \/>\n<meta name=\"twitter:card\" content=\"summary_large_image\" \/>\n<meta name=\"twitter:label1\" content=\"Dur\u00e9e de lecture estim\u00e9e\" \/>\n\t<meta name=\"twitter:data1\" content=\"1 minute\" \/>\n<script type=\"application\/ld+json\" class=\"yoast-schema-graph\">{\"@context\":\"https:\/\/schema.org\",\"@graph\":[{\"@type\":\"WebPage\",\"@id\":\"https:\/\/vena-stones.com\/fr\/nous-joindre\/\",\"url\":\"https:\/\/vena-stones.com\/fr\/nous-joindre\/\",\"name\":\"Nous joindre - Pierres VENA\",\"isPartOf\":{\"@id\":\"https:\/\/vena-stones.com\/fr\/#website\"},\"datePublished\":\"2024-11-07T07:27:28+00:00\",\"dateModified\":\"2024-11-07T08:05:19+00:00\",\"breadcrumb\":{\"@id\":\"https:\/\/vena-stones.com\/fr\/nous-joindre\/#breadcrumb\"},\"inLanguage\":\"fr-FR\",\"potentialAction\":[{\"@type\":\"ReadAction\",\"target\":[\"https:\/\/vena-stones.com\/fr\/nous-joindre\/\"]}]},{\"@type\":\"BreadcrumbList\",\"@id\":\"https:\/\/vena-stones.com\/fr\/nous-joindre\/#breadcrumb\",\"itemListElement\":[{\"@type\":\"ListItem\",\"position\":1,\"name\":\"Home\",\"item\":\"https:\/\/vena-stones.com\/fr\/\"},{\"@type\":\"ListItem\",\"position\":2,\"name\":\"Nous joindre\"}]},{\"@type\":\"WebSite\",\"@id\":\"https:\/\/vena-stones.com\/fr\/#website\",\"url\":\"https:\/\/vena-stones.com\/fr\/\",\"name\":\"Pierres VENA\",\"description\":\"Panneau de pierre viss\u00e9e VENA\",\"publisher\":{\"@id\":\"https:\/\/vena-stones.com\/fr\/#organization\"},\"potentialAction\":[{\"@type\":\"SearchAction\",\"target\":{\"@type\":\"EntryPoint\",\"urlTemplate\":\"https:\/\/vena-stones.com\/fr\/?s={search_term_string}\"},\"query-input\":{\"@type\":\"PropertyValueSpecification\",\"valueRequired\":true,\"valueName\":\"search_term_string\"}}],\"inLanguage\":\"fr-FR\"},{\"@type\":\"Organization\",\"@id\":\"https:\/\/vena-stones.com\/fr\/#organization\",\"name\":\"VENA Stones\",\"url\":\"https:\/\/vena-stones.com\/fr\/\",\"logo\":{\"@type\":\"ImageObject\",\"inLanguage\":\"fr-FR\",\"@id\":\"https:\/\/vena-stones.com\/fr\/#\/schema\/logo\/image\/\",\"url\":\"http:\/\/vena-stones.com\/wp-content\/uploads\/2022\/03\/logo-pierres-vena.png\",\"contentUrl\":\"http:\/\/vena-stones.com\/wp-content\/uploads\/2022\/03\/logo-pierres-vena.png\",\"width\":556,\"height\":200,\"caption\":\"VENA Stones\"},\"image\":{\"@id\":\"https:\/\/vena-stones.com\/fr\/#\/schema\/logo\/image\/\"}}]}<\/script>\n<!-- \/ Yoast SEO plugin. -->","yoast_head_json":{"title":"Nous joindre - Pierres VENA","robots":{"index":"index","follow":"follow","max-snippet":"max-snippet:-1","max-image-preview":"max-image-preview:large","max-video-preview":"max-video-preview:-1"},"canonical":"https:\/\/vena-stones.com\/fr\/nous-joindre\/","og_locale":"fr_FR","og_type":"article","og_title":"Nous joindre - Pierres VENA","og_url":"https:\/\/vena-stones.com\/fr\/nous-joindre\/","og_site_name":"Pierres VENA","article_modified_time":"2024-11-07T08:05:19+00:00","twitter_card":"summary_large_image","twitter_misc":{"Dur\u00e9e de lecture estim\u00e9e":"1 minute"},"schema":{"@context":"https:\/\/schema.org","@graph":[{"@type":"WebPage","@id":"https:\/\/vena-stones.com\/fr\/nous-joindre\/","url":"https:\/\/vena-stones.com\/fr\/nous-joindre\/","name":"Nous joindre - Pierres VENA","isPartOf":{"@id":"https:\/\/vena-stones.com\/fr\/#website"},"datePublished":"2024-11-07T07:27:28+00:00","dateModified":"2024-11-07T08:05:19+00:00","breadcrumb":{"@id":"https:\/\/vena-stones.com\/fr\/nous-joindre\/#breadcrumb"},"inLanguage":"fr-FR","potentialAction":[{"@type":"ReadAction","target":["https:\/\/vena-stones.com\/fr\/nous-joindre\/"]}]},{"@type":"BreadcrumbList","@id":"https:\/\/vena-stones.com\/fr\/nous-joindre\/#breadcrumb","itemListElement":[{"@type":"ListItem","position":1,"name":"Home","item":"https:\/\/vena-stones.com\/fr\/"},{"@type":"ListItem","position":2,"name":"Nous joindre"}]},{"@type":"WebSite","@id":"https:\/\/vena-stones.com\/fr\/#website","url":"https:\/\/vena-stones.com\/fr\/","name":"Pierres VENA","description":"Panneau de pierre viss\u00e9e VENA","publisher":{"@id":"https:\/\/vena-stones.com\/fr\/#organization"},"potentialAction":[{"@type":"SearchAction","target":{"@type":"EntryPoint","urlTemplate":"https:\/\/vena-stones.com\/fr\/?s={search_term_string}"},"query-input":{"@type":"PropertyValueSpecification","valueRequired":true,"valueName":"search_term_string"}}],"inLanguage":"fr-FR"},{"@type":"Organization","@id":"https:\/\/vena-stones.com\/fr\/#organization","name":"VENA Stones","url":"https:\/\/vena-stones.com\/fr\/","logo":{"@type":"ImageObject","inLanguage":"fr-FR","@id":"https:\/\/vena-stones.com\/fr\/#\/schema\/logo\/image\/","url":"http:\/\/vena-stones.com\/wp-content\/uploads\/2022\/03\/logo-pierres-vena.png","contentUrl":"http:\/\/vena-stones.com\/wp-content\/uploads\/2022\/03\/logo-pierres-vena.png","width":556,"height":200,"caption":"VENA Stones"},"image":{"@id":"https:\/\/vena-stones.com\/fr\/#\/schema\/logo\/image\/"}}]}},"_links":{"self":[{"href":"https:\/\/vena-stones.com\/fr\/wp-json\/wp\/v2\/pages\/2906","targetHints":{"allow":["GET"]}}],"collection":[{"href":"https:\/\/vena-stones.com\/fr\/wp-json\/wp\/v2\/pages"}],"about":[{"href":"https:\/\/vena-stones.com\/fr\/wp-json\/wp\/v2\/types\/page"}],"author":[{"embeddable":true,"href":"https:\/\/vena-stones.com\/fr\/wp-json\/wp\/v2\/users\/2"}],"replies":[{"embeddable":true,"href":"https:\/\/vena-stones.com\/fr\/wp-json\/wp\/v2\/comments?post=2906"}],"version-history":[{"count":15,"href":"https:\/\/vena-stones.com\/fr\/wp-json\/wp\/v2\/pages\/2906\/revisions"}],"predecessor-version":[{"id":3684,"href":"https:\/\/vena-stones.com\/fr\/wp-json\/wp\/v2\/pages\/2906\/revisions\/3684"}],"wp:attachment":[{"href":"https:\/\/vena-stones.com\/fr\/wp-json\/wp\/v2\/media?parent=2906"}],"curies":[{"name":"wp","href":"https:\/\/api.w.org\/{rel}","templated":true}]}}