{"id":3975,"date":"2025-07-11T14:14:29","date_gmt":"2025-07-11T18:14:29","guid":{"rendered":"https:\/\/vena-stones.com\/3d-textures\/"},"modified":"2025-07-11T14:58:46","modified_gmt":"2025-07-11T18:58:46","slug":"textures-3d","status":"publish","type":"page","link":"https:\/\/vena-stones.com\/fr\/textures-3d\/","title":{"rendered":"Textures 3D"},"content":{"rendered":"<div class=\"row\"  id=\"row-1019238878\">\n\n\t<div id=\"col-1639749464\" class=\"col small-12 large-12\"  >\n\t\t\t\t<div class=\"col-inner\"  >\n\t\t\t\n\t\t\t\n\t<div id=\"text-3421074674\" class=\"text\">\n\t\t\n<p>D\u00e9couvrez notre s\u00e9lection de textures PBR r\u00e9p\u00e9tables de pierres royales.<\/p>\n\t\t\n<style>\n#text-3421074674 {\n  line-height: 2.8;\n  text-align: center;\n}\n<\/style>\n\t<\/div>\n\t\n<div class=\"container section-title-container\" style=\"margin-bottom:0px;max-width:1000%;\"><h1 class=\"section-title section-title-bold\"><b aria-hidden=\"true\"><\/b><span class=\"section-title-main\" style=\"color:rgb(38, 33, 97);\">CASTLEROCK<\/span><b aria-hidden=\"true\"><\/b><\/h1><\/div>\n\t\t<\/div>\n\t\t\t\t\t<\/div>\n\n\t\n<\/div>\n<div class=\"row align-middle\"  id=\"row-1481788128\">\n\n\t<div id=\"col-2101778091\" class=\"col medium-6 small-12 large-6\"  >\n\t\t\t\t<div class=\"col-inner\"  >\n\t\t\t\n\t\t\t\n\t<div class=\"img has-hover x md-x lg-x y md-y lg-y\" id=\"image_2018044843\">\n\t\t\t\t\t\t\t\t<div class=\"img-inner dark\" >\n\t\t\t<img loading=\"lazy\" decoding=\"async\" width=\"1020\" height=\"1020\" src=\"https:\/\/vena-stones.com\/wp-content\/uploads\/2025\/07\/pierre-royal-vena-silver_sphere_preview_v02-1024x1024.png\" class=\"attachment-large size-large\" alt=\"Silver | Castlerock | VENA Stones\" title=\"Silver | Castlerock | VENA Stones\" srcset=\"https:\/\/vena-stones.com\/wp-content\/uploads\/2025\/07\/pierre-royal-vena-silver_sphere_preview_v02-1024x1024.png 1024w, https:\/\/vena-stones.com\/wp-content\/uploads\/2025\/07\/pierre-royal-vena-silver_sphere_preview_v02-300x300.png 300w, https:\/\/vena-stones.com\/wp-content\/uploads\/2025\/07\/pierre-royal-vena-silver_sphere_preview_v02-150x150.png 150w, https:\/\/vena-stones.com\/wp-content\/uploads\/2025\/07\/pierre-royal-vena-silver_sphere_preview_v02-768x768.png 768w, https:\/\/vena-stones.com\/wp-content\/uploads\/2025\/07\/pierre-royal-vena-silver_sphere_preview_v02-1536x1536.png 1536w, https:\/\/vena-stones.com\/wp-content\/uploads\/2025\/07\/pierre-royal-vena-silver_sphere_preview_v02.png 2048w\" sizes=\"auto, (max-width: 1020px) 100vw, 1020px\" \/>\t\t\t\t\t\t\n\t\t\t\t\t<\/div>\n\t\t\t\t\t\t\t\t\n<style>\n#image_2018044843 {\n  width: 100%;\n}\n<\/style>\n\t<\/div>\n\t\n\t\t<\/div>\n\t\t\t\t\t<\/div>\n\n\t\n\n\t<div id=\"col-1832131976\" class=\"col medium-6 small-12 large-6\"  >\n\t\t\t\t<div class=\"col-inner text-left\"  >\n\t\t\t\n\t\t\t\n\t<div id=\"text-3734977475\" class=\"text text-align-mobile\">\n\t\t\n<h2>Castlerock Silver<\/h5>\n<div class=\"lightbeans-texture-container lb-button-mobile\" style=\"width: 70%;\" data-product=\"\/organizations\/pierres-royales\/products\/pierre-royal-vena-silver\" data-lang=\"fr\" data-bkgcolor=\"#ffffff\" data-btncolor=\"#21135f\" data-txtcolor=\"#ffffff\"><\/div>\n\t\t\n<style>\n#text-3734977475 {\n  font-size: 1.5rem;\n  line-height: 0.75;\n}\n<\/style>\n\t<\/div>\n\t\n\t\t<\/div>\n\t\t\t\t\t<\/div>\n\n\t\n<\/div>\n<div class=\"row align-middle\"  id=\"row-1107783492\">\n\n\t<div id=\"col-687321825\" class=\"col medium-6 small-12 large-6\"  >\n\t\t\t\t<div class=\"col-inner\"  >\n\t\t\t\n\t\t\t\n\t<div class=\"img has-hover x md-x lg-x y md-y lg-y\" id=\"image_2005504316\">\n\t\t\t\t\t\t\t\t<div class=\"img-inner dark\" >\n\t\t\t<img loading=\"lazy\" decoding=\"async\" width=\"1020\" height=\"1020\" src=\"https:\/\/vena-stones.com\/wp-content\/uploads\/2025\/07\/pierre-royal-vena-titanium_sphere_preview_v02-1024x1024.png\" class=\"attachment-large size-large\" alt=\"Titane | Castlerock | VENA Stones\" title=\"Titane | Castlerock | VENA Stones\" srcset=\"https:\/\/vena-stones.com\/wp-content\/uploads\/2025\/07\/pierre-royal-vena-titanium_sphere_preview_v02-1024x1024.png 1024w, https:\/\/vena-stones.com\/wp-content\/uploads\/2025\/07\/pierre-royal-vena-titanium_sphere_preview_v02-300x300.png 300w, https:\/\/vena-stones.com\/wp-content\/uploads\/2025\/07\/pierre-royal-vena-titanium_sphere_preview_v02-150x150.png 150w, https:\/\/vena-stones.com\/wp-content\/uploads\/2025\/07\/pierre-royal-vena-titanium_sphere_preview_v02-768x768.png 768w, https:\/\/vena-stones.com\/wp-content\/uploads\/2025\/07\/pierre-royal-vena-titanium_sphere_preview_v02-1536x1536.png 1536w, https:\/\/vena-stones.com\/wp-content\/uploads\/2025\/07\/pierre-royal-vena-titanium_sphere_preview_v02.png 2048w\" sizes=\"auto, (max-width: 1020px) 100vw, 1020px\" \/>\t\t\t\t\t\t\n\t\t\t\t\t<\/div>\n\t\t\t\t\t\t\t\t\n<style>\n#image_2005504316 {\n  width: 100%;\n}\n<\/style>\n\t<\/div>\n\t\n\t\t<\/div>\n\t\t\t\t\t<\/div>\n\n\t\n\n\t<div id=\"col-484453340\" class=\"col medium-6 small-12 large-6\"  >\n\t\t\t\t<div class=\"col-inner text-left\"  >\n\t\t\t\n\t\t\t\n\t<div id=\"text-2121691460\" class=\"text text-align-mobile\">\n\t\t\n<h2>Castlerock Titane<\/h5>\n<div class=\"lightbeans-texture-container lb-button-mobile\" style=\"width: 70%;\" data-product=\"\/organizations\/pierres-royales\/products\/pierre-royal-vena-titanium\" data-lang=\"fr\" data-bkgcolor=\"#ffffff\" data-btncolor=\"#21135f\" data-txtcolor=\"#ffffff\"><\/div>\n\t\t\n<style>\n#text-2121691460 {\n  font-size: 1.5rem;\n  line-height: 0.75;\n}\n<\/style>\n\t<\/div>\n\t\n\t\t<\/div>\n\t\t\t\t\t<\/div>\n\n\t\n<\/div>\n","protected":false},"excerpt":{"rendered":"","protected":false},"author":2,"featured_media":0,"parent":0,"menu_order":0,"comment_status":"closed","ping_status":"closed","template":"page-blank-title-center.php","meta":{"footnotes":""},"class_list":["post-3975","page","type-page","status-publish","hentry"],"yoast_head":"<!-- This site is optimized with the Yoast SEO plugin v27.4 - https:\/\/yoast.com\/product\/yoast-seo-wordpress\/ -->\n<title>Textures 3D - Pierres VENA<\/title>\n<meta name=\"robots\" content=\"index, follow, max-snippet:-1, max-image-preview:large, max-video-preview:-1\" \/>\n<link rel=\"canonical\" href=\"https:\/\/vena-stones.com\/fr\/textures-3d\/\" \/>\n<meta property=\"og:locale\" content=\"fr_FR\" \/>\n<meta property=\"og:type\" content=\"article\" \/>\n<meta property=\"og:title\" content=\"Textures 3D - Pierres VENA\" \/>\n<meta property=\"og:url\" content=\"https:\/\/vena-stones.com\/fr\/textures-3d\/\" \/>\n<meta property=\"og:site_name\" content=\"Pierres VENA\" \/>\n<meta property=\"article:modified_time\" content=\"2025-07-11T18:58:46+00:00\" \/>\n<meta name=\"twitter:card\" content=\"summary_large_image\" \/>\n<meta name=\"twitter:label1\" content=\"Dur\u00e9e de lecture estim\u00e9e\" \/>\n\t<meta name=\"twitter:data1\" content=\"1 minute\" \/>\n<script type=\"application\/ld+json\" class=\"yoast-schema-graph\">{\"@context\":\"https:\\\/\\\/schema.org\",\"@graph\":[{\"@type\":\"WebPage\",\"@id\":\"https:\\\/\\\/vena-stones.com\\\/fr\\\/textures-3d\\\/\",\"url\":\"https:\\\/\\\/vena-stones.com\\\/fr\\\/textures-3d\\\/\",\"name\":\"Textures 3D - Pierres VENA\",\"isPartOf\":{\"@id\":\"https:\\\/\\\/vena-stones.com\\\/fr\\\/#website\"},\"datePublished\":\"2025-07-11T18:14:29+00:00\",\"dateModified\":\"2025-07-11T18:58:46+00:00\",\"breadcrumb\":{\"@id\":\"https:\\\/\\\/vena-stones.com\\\/fr\\\/textures-3d\\\/#breadcrumb\"},\"inLanguage\":\"fr-FR\",\"potentialAction\":[{\"@type\":\"ReadAction\",\"target\":[\"https:\\\/\\\/vena-stones.com\\\/fr\\\/textures-3d\\\/\"]}]},{\"@type\":\"BreadcrumbList\",\"@id\":\"https:\\\/\\\/vena-stones.com\\\/fr\\\/textures-3d\\\/#breadcrumb\",\"itemListElement\":[{\"@type\":\"ListItem\",\"position\":1,\"name\":\"Home\",\"item\":\"https:\\\/\\\/vena-stones.com\\\/fr\\\/\"},{\"@type\":\"ListItem\",\"position\":2,\"name\":\"Textures 3D\"}]},{\"@type\":\"WebSite\",\"@id\":\"https:\\\/\\\/vena-stones.com\\\/fr\\\/#website\",\"url\":\"https:\\\/\\\/vena-stones.com\\\/fr\\\/\",\"name\":\"Pierres VENA\",\"description\":\"Panneau de pierre viss\u00e9e VENA\",\"publisher\":{\"@id\":\"https:\\\/\\\/vena-stones.com\\\/fr\\\/#organization\"},\"potentialAction\":[{\"@type\":\"SearchAction\",\"target\":{\"@type\":\"EntryPoint\",\"urlTemplate\":\"https:\\\/\\\/vena-stones.com\\\/fr\\\/?s={search_term_string}\"},\"query-input\":{\"@type\":\"PropertyValueSpecification\",\"valueRequired\":true,\"valueName\":\"search_term_string\"}}],\"inLanguage\":\"fr-FR\"},{\"@type\":\"Organization\",\"@id\":\"https:\\\/\\\/vena-stones.com\\\/fr\\\/#organization\",\"name\":\"VENA Stones\",\"url\":\"https:\\\/\\\/vena-stones.com\\\/fr\\\/\",\"logo\":{\"@type\":\"ImageObject\",\"inLanguage\":\"fr-FR\",\"@id\":\"https:\\\/\\\/vena-stones.com\\\/fr\\\/#\\\/schema\\\/logo\\\/image\\\/\",\"url\":\"http:\\\/\\\/vena-stones.com\\\/wp-content\\\/uploads\\\/2022\\\/03\\\/logo-pierres-vena.png\",\"contentUrl\":\"http:\\\/\\\/vena-stones.com\\\/wp-content\\\/uploads\\\/2022\\\/03\\\/logo-pierres-vena.png\",\"width\":556,\"height\":200,\"caption\":\"VENA Stones\"},\"image\":{\"@id\":\"https:\\\/\\\/vena-stones.com\\\/fr\\\/#\\\/schema\\\/logo\\\/image\\\/\"}}]}<\/script>\n<!-- \/ Yoast SEO plugin. -->","yoast_head_json":{"title":"Textures 3D - Pierres VENA","robots":{"index":"index","follow":"follow","max-snippet":"max-snippet:-1","max-image-preview":"max-image-preview:large","max-video-preview":"max-video-preview:-1"},"canonical":"https:\/\/vena-stones.com\/fr\/textures-3d\/","og_locale":"fr_FR","og_type":"article","og_title":"Textures 3D - Pierres VENA","og_url":"https:\/\/vena-stones.com\/fr\/textures-3d\/","og_site_name":"Pierres VENA","article_modified_time":"2025-07-11T18:58:46+00:00","twitter_card":"summary_large_image","twitter_misc":{"Dur\u00e9e de lecture estim\u00e9e":"1 minute"},"schema":{"@context":"https:\/\/schema.org","@graph":[{"@type":"WebPage","@id":"https:\/\/vena-stones.com\/fr\/textures-3d\/","url":"https:\/\/vena-stones.com\/fr\/textures-3d\/","name":"Textures 3D - Pierres VENA","isPartOf":{"@id":"https:\/\/vena-stones.com\/fr\/#website"},"datePublished":"2025-07-11T18:14:29+00:00","dateModified":"2025-07-11T18:58:46+00:00","breadcrumb":{"@id":"https:\/\/vena-stones.com\/fr\/textures-3d\/#breadcrumb"},"inLanguage":"fr-FR","potentialAction":[{"@type":"ReadAction","target":["https:\/\/vena-stones.com\/fr\/textures-3d\/"]}]},{"@type":"BreadcrumbList","@id":"https:\/\/vena-stones.com\/fr\/textures-3d\/#breadcrumb","itemListElement":[{"@type":"ListItem","position":1,"name":"Home","item":"https:\/\/vena-stones.com\/fr\/"},{"@type":"ListItem","position":2,"name":"Textures 3D"}]},{"@type":"WebSite","@id":"https:\/\/vena-stones.com\/fr\/#website","url":"https:\/\/vena-stones.com\/fr\/","name":"Pierres VENA","description":"Panneau de pierre viss\u00e9e VENA","publisher":{"@id":"https:\/\/vena-stones.com\/fr\/#organization"},"potentialAction":[{"@type":"SearchAction","target":{"@type":"EntryPoint","urlTemplate":"https:\/\/vena-stones.com\/fr\/?s={search_term_string}"},"query-input":{"@type":"PropertyValueSpecification","valueRequired":true,"valueName":"search_term_string"}}],"inLanguage":"fr-FR"},{"@type":"Organization","@id":"https:\/\/vena-stones.com\/fr\/#organization","name":"VENA Stones","url":"https:\/\/vena-stones.com\/fr\/","logo":{"@type":"ImageObject","inLanguage":"fr-FR","@id":"https:\/\/vena-stones.com\/fr\/#\/schema\/logo\/image\/","url":"http:\/\/vena-stones.com\/wp-content\/uploads\/2022\/03\/logo-pierres-vena.png","contentUrl":"http:\/\/vena-stones.com\/wp-content\/uploads\/2022\/03\/logo-pierres-vena.png","width":556,"height":200,"caption":"VENA Stones"},"image":{"@id":"https:\/\/vena-stones.com\/fr\/#\/schema\/logo\/image\/"}}]}},"_links":{"self":[{"href":"https:\/\/vena-stones.com\/fr\/wp-json\/wp\/v2\/pages\/3975","targetHints":{"allow":["GET"]}}],"collection":[{"href":"https:\/\/vena-stones.com\/fr\/wp-json\/wp\/v2\/pages"}],"about":[{"href":"https:\/\/vena-stones.com\/fr\/wp-json\/wp\/v2\/types\/page"}],"author":[{"embeddable":true,"href":"https:\/\/vena-stones.com\/fr\/wp-json\/wp\/v2\/users\/2"}],"replies":[{"embeddable":true,"href":"https:\/\/vena-stones.com\/fr\/wp-json\/wp\/v2\/comments?post=3975"}],"version-history":[{"count":7,"href":"https:\/\/vena-stones.com\/fr\/wp-json\/wp\/v2\/pages\/3975\/revisions"}],"predecessor-version":[{"id":3986,"href":"https:\/\/vena-stones.com\/fr\/wp-json\/wp\/v2\/pages\/3975\/revisions\/3986"}],"wp:attachment":[{"href":"https:\/\/vena-stones.com\/fr\/wp-json\/wp\/v2\/media?parent=3975"}],"curies":[{"name":"wp","href":"https:\/\/api.w.org\/{rel}","templated":true}]}}